{"id":679,"date":"2021-02-22T22:49:08","date_gmt":"2021-02-22T21:49:08","guid":{"rendered":"https:\/\/lesminimalys.fr\/?post_type=product&#038;p=679"},"modified":"2025-03-22T16:10:37","modified_gmt":"2025-03-22T15:10:37","slug":"tablettes-lave-vaisselle-zero-dechet","status":"publish","type":"product","link":"https:\/\/lesminimalys.fr\/?product=tablettes-lave-vaisselle-zero-dechet","title":{"rendered":"Tablettes lave vaisselle \u00e9cologiques au citron"},"content":{"rendered":"<p>Pour ceux qui se soucient de leur empreinte sur l&rsquo;environnement, mais qui n&rsquo;ont pas le temps de faire eux m\u00eame leurs produits m\u00e9nagers, voici la solution z\u00e9ro d\u00e9chet pour votre lave vaisselle. Biod\u00e9gradables, \u00e9cologiques et efficaces sur les graisses, r\u00e9sidus et salissures, ces tablettes sont fabriqu\u00e9s \u00e0 la main dans notre atelier.<\/p>\n<p>Elles nettoient et font briller votre vaisselle comme au premier jour et laissent un agr\u00e9able parfum gr\u00e2ce \u00e0 l&rsquo;huile essentielle de citron qu&rsquo;elles contiennent.<\/p>\n<p>Composition simple avec seulement 4 ingr\u00e9dients :<\/p>\n<ul>\n<li>du <strong>bicarbonate de soude<\/strong>,<\/li>\n<li>des <strong>cristaux de soude<\/strong>,<\/li>\n<li>de l&rsquo;<strong>acide citrique<\/strong>,<\/li>\n<li>du <strong>gros sel<\/strong>.<\/li>\n<\/ul>\n<p>N&rsquo;oubliez pas de remplacer le liquide de rin\u00e7age de votre lave vaisselle par du vinaigre blanc, tout aussi efficace et bien moins polluant !<\/p>\n<p><strong>Conseils d&rsquo;utilisation<\/strong> : 1 tablette par cycle. Eviter tout contact avec les yeux.<\/p>\n<p><strong>Pr\u00e9cautions d&#8217;emploi<\/strong> : Tenir hors de port\u00e9e des enfants &#8211; Ne pas avaler<\/p>\n<p>Nos tablettes vous ont plu ? Retrouvez la recette dans la rubrique \u00ab\u00a0<a href=\"https:\/\/lesminimalys.fr\/?page_id=37\">recettes home made<\/a>\u00a0\u00bb de notre site et r\u00e9alisez vous m\u00eame vos tablettes lave vaisselle pour une d\u00e9marche encore plus engag\u00e9.<\/p>\n","protected":false},"excerpt":{"rendered":"<h3 style=\"text-align: center;\">Tablettes pour lave vaisselle \u00e9cologiques, sans composants toxiques, naturelles et efficaces !<\/h3>\n<p><img decoding=\"async\" class=\"wp-image-1140 aligncenter\" src=\"https:\/\/lesminimalys.fr\/wp-content\/uploads\/2021\/03\/Made-in-france-fabrication-francais.jpeg\" alt=\"\" width=\"69\" height=\"69\" srcset=\"https:\/\/lesminimalys.fr\/wp-content\/uploads\/2021\/03\/Made-in-france-fabrication-francais.jpeg 225w, https:\/\/lesminimalys.fr\/wp-content\/uploads\/2021\/03\/Made-in-france-fabrication-francais-100x100.jpeg 100w, https:\/\/lesminimalys.fr\/wp-content\/uploads\/2021\/03\/Made-in-france-fabrication-francais-150x150.jpeg 150w\" sizes=\"(max-width: 69px) 100vw, 69px\" \/><\/p>\n","protected":false},"featured_media":2202,"template":"","meta":{"_monsterinsights_skip_tracking":false,"_monsterinsights_sitenote_active":false,"_monsterinsights_sitenote_note":"","_monsterinsights_sitenote_category":0,"_glsr_average":0,"_glsr_ranking":0,"_glsr_reviews":0},"product_brand":[],"product_cat":[19],"product_tag":[],"class_list":{"0":"post-679","1":"product","2":"type-product","3":"status-publish","4":"has-post-thumbnail","6":"product_cat-produits-menagers","8":"entry","9":"has-media","11":"first","12":"instock","13":"taxable","14":"shipping-taxable","15":"purchasable","16":"product-type-variable","17":"has-product-nav","18":"col","19":"span_1_of_3","20":"owp-content-center","21":"owp-thumbs-layout-horizontal","22":"owp-btn-normal","23":"owp-tabs-layout-horizontal"},"yoast_head":"<!-- This site is optimized with the Yoast SEO plugin v26.8 - https:\/\/yoast.com\/product\/yoast-seo-wordpress\/ -->\n<title>Tablettes lave vaisselle \u00e9cologiques au citron - Les Minimalys<\/title>\n<meta name=\"description\" content=\"Tablettes lave vaisselle \u00e9cologiques 100% fait main et biod\u00e9gradables, parfum\u00e9s \u00e0 l&#039;huile essentielle de citron. 1 tablette par cycle.\" \/>\n<meta name=\"robots\" content=\"index, follow, max-snippet:-1, max-image-preview:large, max-video-preview:-1\" \/>\n<link rel=\"canonical\" href=\"https:\/\/lesminimalys.fr\/?product=tablettes-lave-vaisselle-zero-dechet\" \/>\n<meta property=\"og:locale\" content=\"fr_FR\" \/>\n<meta property=\"og:type\" content=\"article\" \/>\n<meta property=\"og:title\" content=\"Tablettes lave vaisselle \u00e9cologiques au citron - Les Minimalys\" \/>\n<meta property=\"og:description\" content=\"Tablettes lave vaisselle \u00e9cologiques 100% fait main et biod\u00e9gradables, parfum\u00e9s \u00e0 l&#039;huile essentielle de citron. 1 tablette par cycle.\" \/>\n<meta property=\"og:url\" content=\"https:\/\/lesminimalys.fr\/?product=tablettes-lave-vaisselle-zero-dechet\" \/>\n<meta property=\"og:site_name\" content=\"Les Minimalys\" \/>\n<meta property=\"article:publisher\" content=\"https:\/\/www.facebook.com\/lesminimalys\" \/>\n<meta property=\"article:modified_time\" content=\"2025-03-22T15:10:37+00:00\" \/>\n<meta property=\"og:image\" content=\"https:\/\/lesminimalys.fr\/wp-content\/uploads\/2021\/02\/170065578_928996281262515_5204976716545979364_n.jpg\" \/>\n\t<meta property=\"og:image:width\" content=\"1364\" \/>\n\t<meta property=\"og:image:height\" content=\"1670\" \/>\n\t<meta property=\"og:image:type\" content=\"image\/jpeg\" \/>\n<meta name=\"twitter:card\" content=\"summary_large_image\" \/>\n<meta name=\"twitter:label1\" content=\"Dur\u00e9e de lecture estim\u00e9e\" \/>\n\t<meta name=\"twitter:data1\" content=\"1 minute\" \/>\n<script type=\"application\/ld+json\" class=\"yoast-schema-graph\">{\"@context\":\"https:\/\/schema.org\",\"@graph\":[{\"@type\":\"WebPage\",\"@id\":\"https:\/\/lesminimalys.fr\/?product=tablettes-lave-vaisselle-zero-dechet\",\"url\":\"https:\/\/lesminimalys.fr\/?product=tablettes-lave-vaisselle-zero-dechet\",\"name\":\"Tablettes lave vaisselle \u00e9cologiques au citron - Les Minimalys\",\"isPartOf\":{\"@id\":\"https:\/\/lesminimalys.fr\/#website\"},\"primaryImageOfPage\":{\"@id\":\"https:\/\/lesminimalys.fr\/?product=tablettes-lave-vaisselle-zero-dechet#primaryimage\"},\"image\":{\"@id\":\"https:\/\/lesminimalys.fr\/?product=tablettes-lave-vaisselle-zero-dechet#primaryimage\"},\"thumbnailUrl\":\"https:\/\/lesminimalys.fr\/wp-content\/uploads\/2021\/02\/170065578_928996281262515_5204976716545979364_n.jpg\",\"datePublished\":\"2021-02-22T21:49:08+00:00\",\"dateModified\":\"2025-03-22T15:10:37+00:00\",\"description\":\"Tablettes lave vaisselle \u00e9cologiques 100% fait main et biod\u00e9gradables, parfum\u00e9s \u00e0 l'huile essentielle de citron. 1 tablette par cycle.\",\"breadcrumb\":{\"@id\":\"https:\/\/lesminimalys.fr\/?product=tablettes-lave-vaisselle-zero-dechet#breadcrumb\"},\"inLanguage\":\"fr-FR\",\"potentialAction\":[{\"@type\":\"ReadAction\",\"target\":[\"https:\/\/lesminimalys.fr\/?product=tablettes-lave-vaisselle-zero-dechet\"]}]},{\"@type\":\"ImageObject\",\"inLanguage\":\"fr-FR\",\"@id\":\"https:\/\/lesminimalys.fr\/?product=tablettes-lave-vaisselle-zero-dechet#primaryimage\",\"url\":\"https:\/\/lesminimalys.fr\/wp-content\/uploads\/2021\/02\/170065578_928996281262515_5204976716545979364_n.jpg\",\"contentUrl\":\"https:\/\/lesminimalys.fr\/wp-content\/uploads\/2021\/02\/170065578_928996281262515_5204976716545979364_n.jpg\",\"width\":1364,\"height\":1670,\"caption\":\"tablettes lave vaisselle \u00e9cologiques\"},{\"@type\":\"BreadcrumbList\",\"@id\":\"https:\/\/lesminimalys.fr\/?product=tablettes-lave-vaisselle-zero-dechet#breadcrumb\",\"itemListElement\":[{\"@type\":\"ListItem\",\"position\":1,\"name\":\"Accueil\",\"item\":\"https:\/\/lesminimalys.fr\/\"},{\"@type\":\"ListItem\",\"position\":2,\"name\":\"Boutique\",\"item\":\"https:\/\/lesminimalys.fr\/?page_id=435\"},{\"@type\":\"ListItem\",\"position\":3,\"name\":\"Tablettes lave vaisselle \u00e9cologiques au citron\"}]},{\"@type\":\"WebSite\",\"@id\":\"https:\/\/lesminimalys.fr\/#website\",\"url\":\"https:\/\/lesminimalys.fr\/\",\"name\":\"Les Minimalys\",\"description\":\"Savonnerie Artisanale\",\"publisher\":{\"@id\":\"https:\/\/lesminimalys.fr\/#organization\"},\"potentialAction\":[{\"@type\":\"SearchAction\",\"target\":{\"@type\":\"EntryPoint\",\"urlTemplate\":\"https:\/\/lesminimalys.fr\/?s={search_term_string}\"},\"query-input\":{\"@type\":\"PropertyValueSpecification\",\"valueRequired\":true,\"valueName\":\"search_term_string\"}}],\"inLanguage\":\"fr-FR\"},{\"@type\":\"Organization\",\"@id\":\"https:\/\/lesminimalys.fr\/#organization\",\"name\":\"Les Minimalys\",\"url\":\"https:\/\/lesminimalys.fr\/\",\"logo\":{\"@type\":\"ImageObject\",\"inLanguage\":\"fr-FR\",\"@id\":\"https:\/\/lesminimalys.fr\/#\/schema\/logo\/image\/\",\"url\":\"https:\/\/lesminimalys.fr\/wp-content\/uploads\/2021\/02\/cropped-cropped-cropped-cropped-logo-savonnerie-1.png\",\"contentUrl\":\"https:\/\/lesminimalys.fr\/wp-content\/uploads\/2021\/02\/cropped-cropped-cropped-cropped-logo-savonnerie-1.png\",\"width\":500,\"height\":148,\"caption\":\"Les Minimalys\"},\"image\":{\"@id\":\"https:\/\/lesminimalys.fr\/#\/schema\/logo\/image\/\"},\"sameAs\":[\"https:\/\/www.facebook.com\/lesminimalys\",\"https:\/\/www.instagram.com\/lesminimalys\/\"]}]}<\/script>\n<!-- \/ Yoast SEO plugin. -->","yoast_head_json":{"title":"Tablettes lave vaisselle \u00e9cologiques au citron - Les Minimalys","description":"Tablettes lave vaisselle \u00e9cologiques 100% fait main et biod\u00e9gradables, parfum\u00e9s \u00e0 l'huile essentielle de citron. 1 tablette par cycle.","robots":{"index":"index","follow":"follow","max-snippet":"max-snippet:-1","max-image-preview":"max-image-preview:large","max-video-preview":"max-video-preview:-1"},"canonical":"https:\/\/lesminimalys.fr\/?product=tablettes-lave-vaisselle-zero-dechet","og_locale":"fr_FR","og_type":"article","og_title":"Tablettes lave vaisselle \u00e9cologiques au citron - Les Minimalys","og_description":"Tablettes lave vaisselle \u00e9cologiques 100% fait main et biod\u00e9gradables, parfum\u00e9s \u00e0 l'huile essentielle de citron. 1 tablette par cycle.","og_url":"https:\/\/lesminimalys.fr\/?product=tablettes-lave-vaisselle-zero-dechet","og_site_name":"Les Minimalys","article_publisher":"https:\/\/www.facebook.com\/lesminimalys","article_modified_time":"2025-03-22T15:10:37+00:00","og_image":[{"width":1364,"height":1670,"url":"https:\/\/lesminimalys.fr\/wp-content\/uploads\/2021\/02\/170065578_928996281262515_5204976716545979364_n.jpg","type":"image\/jpeg"}],"twitter_card":"summary_large_image","twitter_misc":{"Dur\u00e9e de lecture estim\u00e9e":"1 minute"},"schema":{"@context":"https:\/\/schema.org","@graph":[{"@type":"WebPage","@id":"https:\/\/lesminimalys.fr\/?product=tablettes-lave-vaisselle-zero-dechet","url":"https:\/\/lesminimalys.fr\/?product=tablettes-lave-vaisselle-zero-dechet","name":"Tablettes lave vaisselle \u00e9cologiques au citron - Les Minimalys","isPartOf":{"@id":"https:\/\/lesminimalys.fr\/#website"},"primaryImageOfPage":{"@id":"https:\/\/lesminimalys.fr\/?product=tablettes-lave-vaisselle-zero-dechet#primaryimage"},"image":{"@id":"https:\/\/lesminimalys.fr\/?product=tablettes-lave-vaisselle-zero-dechet#primaryimage"},"thumbnailUrl":"https:\/\/lesminimalys.fr\/wp-content\/uploads\/2021\/02\/170065578_928996281262515_5204976716545979364_n.jpg","datePublished":"2021-02-22T21:49:08+00:00","dateModified":"2025-03-22T15:10:37+00:00","description":"Tablettes lave vaisselle \u00e9cologiques 100% fait main et biod\u00e9gradables, parfum\u00e9s \u00e0 l'huile essentielle de citron. 1 tablette par cycle.","breadcrumb":{"@id":"https:\/\/lesminimalys.fr\/?product=tablettes-lave-vaisselle-zero-dechet#breadcrumb"},"inLanguage":"fr-FR","potentialAction":[{"@type":"ReadAction","target":["https:\/\/lesminimalys.fr\/?product=tablettes-lave-vaisselle-zero-dechet"]}]},{"@type":"ImageObject","inLanguage":"fr-FR","@id":"https:\/\/lesminimalys.fr\/?product=tablettes-lave-vaisselle-zero-dechet#primaryimage","url":"https:\/\/lesminimalys.fr\/wp-content\/uploads\/2021\/02\/170065578_928996281262515_5204976716545979364_n.jpg","contentUrl":"https:\/\/lesminimalys.fr\/wp-content\/uploads\/2021\/02\/170065578_928996281262515_5204976716545979364_n.jpg","width":1364,"height":1670,"caption":"tablettes lave vaisselle \u00e9cologiques"},{"@type":"BreadcrumbList","@id":"https:\/\/lesminimalys.fr\/?product=tablettes-lave-vaisselle-zero-dechet#breadcrumb","itemListElement":[{"@type":"ListItem","position":1,"name":"Accueil","item":"https:\/\/lesminimalys.fr\/"},{"@type":"ListItem","position":2,"name":"Boutique","item":"https:\/\/lesminimalys.fr\/?page_id=435"},{"@type":"ListItem","position":3,"name":"Tablettes lave vaisselle \u00e9cologiques au citron"}]},{"@type":"WebSite","@id":"https:\/\/lesminimalys.fr\/#website","url":"https:\/\/lesminimalys.fr\/","name":"Les Minimalys","description":"Savonnerie Artisanale","publisher":{"@id":"https:\/\/lesminimalys.fr\/#organization"},"potentialAction":[{"@type":"SearchAction","target":{"@type":"EntryPoint","urlTemplate":"https:\/\/lesminimalys.fr\/?s={search_term_string}"},"query-input":{"@type":"PropertyValueSpecification","valueRequired":true,"valueName":"search_term_string"}}],"inLanguage":"fr-FR"},{"@type":"Organization","@id":"https:\/\/lesminimalys.fr\/#organization","name":"Les Minimalys","url":"https:\/\/lesminimalys.fr\/","logo":{"@type":"ImageObject","inLanguage":"fr-FR","@id":"https:\/\/lesminimalys.fr\/#\/schema\/logo\/image\/","url":"https:\/\/lesminimalys.fr\/wp-content\/uploads\/2021\/02\/cropped-cropped-cropped-cropped-logo-savonnerie-1.png","contentUrl":"https:\/\/lesminimalys.fr\/wp-content\/uploads\/2021\/02\/cropped-cropped-cropped-cropped-logo-savonnerie-1.png","width":500,"height":148,"caption":"Les Minimalys"},"image":{"@id":"https:\/\/lesminimalys.fr\/#\/schema\/logo\/image\/"},"sameAs":["https:\/\/www.facebook.com\/lesminimalys","https:\/\/www.instagram.com\/lesminimalys\/"]}]}},"jetpack_sharing_enabled":true,"_links":{"self":[{"href":"https:\/\/lesminimalys.fr\/index.php?rest_route=\/wp\/v2\/product\/679","targetHints":{"allow":["GET"]}}],"collection":[{"href":"https:\/\/lesminimalys.fr\/index.php?rest_route=\/wp\/v2\/product"}],"about":[{"href":"https:\/\/lesminimalys.fr\/index.php?rest_route=\/wp\/v2\/types\/product"}],"wp:featuredmedia":[{"embeddable":true,"href":"https:\/\/lesminimalys.fr\/index.php?rest_route=\/wp\/v2\/media\/2202"}],"wp:attachment":[{"href":"https:\/\/lesminimalys.fr\/index.php?rest_route=%2Fwp%2Fv2%2Fmedia&parent=679"}],"wp:term":[{"taxonomy":"product_brand","embeddable":true,"href":"https:\/\/lesminimalys.fr\/index.php?rest_route=%2Fwp%2Fv2%2Fproduct_brand&post=679"},{"taxonomy":"product_cat","embeddable":true,"href":"https:\/\/lesminimalys.fr\/index.php?rest_route=%2Fwp%2Fv2%2Fproduct_cat&post=679"},{"taxonomy":"product_tag","embeddable":true,"href":"https:\/\/lesminimalys.fr\/index.php?rest_route=%2Fwp%2Fv2%2Fproduct_tag&post=679"}],"curies":[{"name":"wp","href":"https:\/\/api.w.org\/{rel}","templated":true}]}}