{"id":469,"date":"2021-02-15T11:36:30","date_gmt":"2021-02-15T10:36:30","guid":{"rendered":"https:\/\/lesminimalys.fr\/?post_type=product&#038;p=469"},"modified":"2026-01-06T13:59:02","modified_gmt":"2026-01-06T12:59:02","slug":"savon-naturel-artisanal","status":"publish","type":"product","link":"https:\/\/lesminimalys.fr\/?product=savon-naturel-artisanal","title":{"rendered":"Spiruline-menthe"},"content":{"rendered":"<p>Besoin d&rsquo;une pause fraicheur et l\u00e9g\u00e8ret\u00e9? Optez pour notre savon naturel Spiruline-Menthe !<\/p>\n<p>Notre savon naturel artisanal \u00ab\u00a0Spiruline-Menthe\u00a0\u00bb est compos\u00e9 simplement d&rsquo;huile de tournesol**, d&rsquo;olive**, de coco*, de colza**, de spiruline*, de feuilles de menthe s\u00e9ch\u00e9es**, d&rsquo;huiles essentielles de menthe poivr\u00e9e** et de cypr\u00e8s** viendra vous apporter un effet \u00ab\u00a0coup de fouet\u00a0\u00bb. Les huiles v\u00e9g\u00e9tales qui entrent dans sa composition apportent donc douceur et hydratation.<\/p>\n<ul>\n<li><em>La spiruline*<\/em> contient \u00e0 elle seule tous les nutriments, vitamines et oligo-\u00e9l\u00e9ments n\u00e9cessaire \u00e0 la beaut\u00e9 de la peau (carot\u00e9no\u00efdes, fer, vitamines B12, A et E, zinc, calcium, cuivre). Elle poss\u00e8de des vertus antioxydantes, assainissantes et d\u00e9toxifiantes, elle absorbe les impuret\u00e9s des pores en les resserrant, elle hydrate et nourrit. Efficace contre les imperfections pour une peau nette, \u00e9clatante et purifi\u00e9e. Elle am\u00e9liore la souplesse et l&rsquo;\u00e9lasticit\u00e9 de la peau.<\/li>\n<li><em>L&rsquo;huile essentielle de Menthe poivr\u00e9e** (mentha piperita) <\/em>est reconnu pour ses propri\u00e9t\u00e9s stimulantes g\u00e9n\u00e9rale, tonique nerveuse et rafra\u00eechissante.<\/li>\n<li><em>L&rsquo;huile essentielle de Cypr\u00e8s de Provence** (Cupressus sempervirens)<\/em> est indiqu\u00e9 dans les troubles circulatoires veineux.<\/li>\n<\/ul>\n<p>* issus de l&rsquo;agriculture biologique.<\/p>\n<p>** issus de l&rsquo;agriculture biologique et de productions fran\u00e7aises.<\/p>\n<p><strong><em>Conseils d&rsquo;utilisation :<\/em><\/strong> A conserver \u00e0 l&rsquo;abri de l&rsquo;humidit\u00e9 pour garder votre savon plus longtemps.<\/p>\n<p>Pour en savoir plus sur les conditions d&rsquo;utilisation et de conservation de nos savons, consultez notre <a href=\"https:\/\/lesminimalys.fr\/?page_id=1323\"><strong>FAQ<\/strong><\/a>.<\/p>\n<p><strong>Pr\u00e9caution d&#8217;emploi<\/strong> : Ne pas utiliser chez la femme enceinte et les enfants de moins de 3 ans. Eviter tout contact avec les yeux.<\/p>\n<p>Nos savons sont emball\u00e9s dans du papier recycl\u00e9 biod\u00e9gradable et recyclable ! Ils contribuent ainsi \u00e0 une d\u00e9marche z\u00e9ro impact respectueuse de l&rsquo;environnement et de la plan\u00e8te.<\/p>\n<h6><em>Ingr\u00e9dients : Sodium sunflowerate, helianthus annuus seed oil, sodium olivate, olea europaea fruit oil, sodium cocoate, cocos nucifera oil, sodium rapeseedate, brassica campestris seed oil, aqua, glycerine, spirulina platensis powder, mentha piperita oil, cupressus sempervirens oil, mentha spicata flower, limon\u00e8ne, linalool.<\/em><\/h6>\n","protected":false},"excerpt":{"rendered":"<h3 style=\"text-align: center;\">Savon fraicheur \u00e0 la spiruline et aux huiles essentielles de menthe poivr\u00e9e et de cypr\u00e8s de Provence.<\/h3>\n<p><img decoding=\"async\" class=\"wp-image-1140 aligncenter\" src=\"https:\/\/lesminimalys.fr\/wp-content\/uploads\/2021\/03\/Made-in-france-fabrication-francais.jpeg\" alt=\"\" width=\"69\" height=\"69\" srcset=\"https:\/\/lesminimalys.fr\/wp-content\/uploads\/2021\/03\/Made-in-france-fabrication-francais.jpeg 225w, https:\/\/lesminimalys.fr\/wp-content\/uploads\/2021\/03\/Made-in-france-fabrication-francais-100x100.jpeg 100w, https:\/\/lesminimalys.fr\/wp-content\/uploads\/2021\/03\/Made-in-france-fabrication-francais-150x150.jpeg 150w\" sizes=\"(max-width: 69px) 100vw, 69px\" \/><\/p>\n","protected":false},"featured_media":3082,"template":"","meta":{"_monsterinsights_skip_tracking":false,"_monsterinsights_sitenote_active":false,"_monsterinsights_sitenote_note":"","_monsterinsights_sitenote_category":0,"_glsr_average":0,"_glsr_ranking":0,"_glsr_reviews":0},"product_brand":[],"product_cat":[18],"product_tag":[],"class_list":{"0":"post-469","1":"product","2":"type-product","3":"status-publish","4":"has-post-thumbnail","6":"product_cat-savons","8":"entry","9":"has-media","11":"first","12":"instock","13":"taxable","14":"shipping-taxable","15":"purchasable","16":"product-type-variable","17":"has-product-nav","18":"col","19":"span_1_of_3","20":"owp-content-center","21":"owp-thumbs-layout-horizontal","22":"owp-btn-normal","23":"owp-tabs-layout-horizontal"},"yoast_head":"<!-- This site is optimized with the Yoast SEO plugin v26.8 - https:\/\/yoast.com\/product\/yoast-seo-wordpress\/ -->\n<title>Savon naturel Spiruline-Menthe - Les Minimalys<\/title>\n<meta name=\"description\" content=\"Savon naturel artisanal \u00e0 la Spiruline Corse et aux huiles essentielles de Menthe poivr\u00e9e. Ingr\u00e9dients issus de l&#039;agriculture biologique et de productions fran\u00e7aises.\" \/>\n<meta name=\"robots\" content=\"index, follow, max-snippet:-1, max-image-preview:large, max-video-preview:-1\" \/>\n<link rel=\"canonical\" href=\"https:\/\/lesminimalys.fr\/?product=savon-naturel-artisanal\" \/>\n<meta property=\"og:locale\" content=\"fr_FR\" \/>\n<meta property=\"og:type\" content=\"article\" \/>\n<meta property=\"og:title\" content=\"Savon naturel Spiruline-Menthe - Les Minimalys\" \/>\n<meta property=\"og:description\" content=\"Savon naturel artisanal \u00e0 la Spiruline Corse et aux huiles essentielles de Menthe poivr\u00e9e. Ingr\u00e9dients issus de l&#039;agriculture biologique et de productions fran\u00e7aises.\" \/>\n<meta property=\"og:url\" content=\"https:\/\/lesminimalys.fr\/?product=savon-naturel-artisanal\" \/>\n<meta property=\"og:site_name\" content=\"Les Minimalys\" \/>\n<meta property=\"article:publisher\" content=\"https:\/\/www.facebook.com\/lesminimalys\" \/>\n<meta property=\"article:modified_time\" content=\"2026-01-06T12:59:02+00:00\" \/>\n<meta property=\"og:image\" content=\"https:\/\/lesminimalys.fr\/wp-content\/uploads\/2021\/02\/20230323_090635-scaled.jpg\" \/>\n\t<meta property=\"og:image:width\" content=\"2560\" \/>\n\t<meta property=\"og:image:height\" content=\"1920\" \/>\n\t<meta property=\"og:image:type\" content=\"image\/jpeg\" \/>\n<meta name=\"twitter:card\" content=\"summary_large_image\" \/>\n<meta name=\"twitter:label1\" content=\"Dur\u00e9e de lecture estim\u00e9e\" \/>\n\t<meta name=\"twitter:data1\" content=\"2 minutes\" \/>\n<script type=\"application\/ld+json\" class=\"yoast-schema-graph\">{\"@context\":\"https:\/\/schema.org\",\"@graph\":[{\"@type\":\"WebPage\",\"@id\":\"https:\/\/lesminimalys.fr\/?product=savon-naturel-artisanal\",\"url\":\"https:\/\/lesminimalys.fr\/?product=savon-naturel-artisanal\",\"name\":\"Savon naturel Spiruline-Menthe - Les Minimalys\",\"isPartOf\":{\"@id\":\"https:\/\/lesminimalys.fr\/#website\"},\"primaryImageOfPage\":{\"@id\":\"https:\/\/lesminimalys.fr\/?product=savon-naturel-artisanal#primaryimage\"},\"image\":{\"@id\":\"https:\/\/lesminimalys.fr\/?product=savon-naturel-artisanal#primaryimage\"},\"thumbnailUrl\":\"https:\/\/lesminimalys.fr\/wp-content\/uploads\/2021\/02\/20230323_090635-scaled.jpg\",\"datePublished\":\"2021-02-15T10:36:30+00:00\",\"dateModified\":\"2026-01-06T12:59:02+00:00\",\"description\":\"Savon naturel artisanal \u00e0 la Spiruline Corse et aux huiles essentielles de Menthe poivr\u00e9e. Ingr\u00e9dients issus de l'agriculture biologique et de productions fran\u00e7aises.\",\"breadcrumb\":{\"@id\":\"https:\/\/lesminimalys.fr\/?product=savon-naturel-artisanal#breadcrumb\"},\"inLanguage\":\"fr-FR\",\"potentialAction\":[{\"@type\":\"ReadAction\",\"target\":[\"https:\/\/lesminimalys.fr\/?product=savon-naturel-artisanal\"]}]},{\"@type\":\"ImageObject\",\"inLanguage\":\"fr-FR\",\"@id\":\"https:\/\/lesminimalys.fr\/?product=savon-naturel-artisanal#primaryimage\",\"url\":\"https:\/\/lesminimalys.fr\/wp-content\/uploads\/2021\/02\/20230323_090635-scaled.jpg\",\"contentUrl\":\"https:\/\/lesminimalys.fr\/wp-content\/uploads\/2021\/02\/20230323_090635-scaled.jpg\",\"width\":2560,\"height\":1920,\"caption\":\"savon spiruline menthe\"},{\"@type\":\"BreadcrumbList\",\"@id\":\"https:\/\/lesminimalys.fr\/?product=savon-naturel-artisanal#breadcrumb\",\"itemListElement\":[{\"@type\":\"ListItem\",\"position\":1,\"name\":\"Accueil\",\"item\":\"https:\/\/lesminimalys.fr\/\"},{\"@type\":\"ListItem\",\"position\":2,\"name\":\"Boutique\",\"item\":\"https:\/\/lesminimalys.fr\/?page_id=435\"},{\"@type\":\"ListItem\",\"position\":3,\"name\":\"Spiruline-menthe\"}]},{\"@type\":\"WebSite\",\"@id\":\"https:\/\/lesminimalys.fr\/#website\",\"url\":\"https:\/\/lesminimalys.fr\/\",\"name\":\"Les Minimalys\",\"description\":\"Savonnerie Artisanale\",\"publisher\":{\"@id\":\"https:\/\/lesminimalys.fr\/#organization\"},\"potentialAction\":[{\"@type\":\"SearchAction\",\"target\":{\"@type\":\"EntryPoint\",\"urlTemplate\":\"https:\/\/lesminimalys.fr\/?s={search_term_string}\"},\"query-input\":{\"@type\":\"PropertyValueSpecification\",\"valueRequired\":true,\"valueName\":\"search_term_string\"}}],\"inLanguage\":\"fr-FR\"},{\"@type\":\"Organization\",\"@id\":\"https:\/\/lesminimalys.fr\/#organization\",\"name\":\"Les Minimalys\",\"url\":\"https:\/\/lesminimalys.fr\/\",\"logo\":{\"@type\":\"ImageObject\",\"inLanguage\":\"fr-FR\",\"@id\":\"https:\/\/lesminimalys.fr\/#\/schema\/logo\/image\/\",\"url\":\"https:\/\/lesminimalys.fr\/wp-content\/uploads\/2021\/02\/cropped-cropped-cropped-cropped-logo-savonnerie-1.png\",\"contentUrl\":\"https:\/\/lesminimalys.fr\/wp-content\/uploads\/2021\/02\/cropped-cropped-cropped-cropped-logo-savonnerie-1.png\",\"width\":500,\"height\":148,\"caption\":\"Les Minimalys\"},\"image\":{\"@id\":\"https:\/\/lesminimalys.fr\/#\/schema\/logo\/image\/\"},\"sameAs\":[\"https:\/\/www.facebook.com\/lesminimalys\",\"https:\/\/www.instagram.com\/lesminimalys\/\"]}]}<\/script>\n<!-- \/ Yoast SEO plugin. -->","yoast_head_json":{"title":"Savon naturel Spiruline-Menthe - Les Minimalys","description":"Savon naturel artisanal \u00e0 la Spiruline Corse et aux huiles essentielles de Menthe poivr\u00e9e. Ingr\u00e9dients issus de l'agriculture biologique et de productions fran\u00e7aises.","robots":{"index":"index","follow":"follow","max-snippet":"max-snippet:-1","max-image-preview":"max-image-preview:large","max-video-preview":"max-video-preview:-1"},"canonical":"https:\/\/lesminimalys.fr\/?product=savon-naturel-artisanal","og_locale":"fr_FR","og_type":"article","og_title":"Savon naturel Spiruline-Menthe - Les Minimalys","og_description":"Savon naturel artisanal \u00e0 la Spiruline Corse et aux huiles essentielles de Menthe poivr\u00e9e. Ingr\u00e9dients issus de l'agriculture biologique et de productions fran\u00e7aises.","og_url":"https:\/\/lesminimalys.fr\/?product=savon-naturel-artisanal","og_site_name":"Les Minimalys","article_publisher":"https:\/\/www.facebook.com\/lesminimalys","article_modified_time":"2026-01-06T12:59:02+00:00","og_image":[{"width":2560,"height":1920,"url":"https:\/\/lesminimalys.fr\/wp-content\/uploads\/2021\/02\/20230323_090635-scaled.jpg","type":"image\/jpeg"}],"twitter_card":"summary_large_image","twitter_misc":{"Dur\u00e9e de lecture estim\u00e9e":"2 minutes"},"schema":{"@context":"https:\/\/schema.org","@graph":[{"@type":"WebPage","@id":"https:\/\/lesminimalys.fr\/?product=savon-naturel-artisanal","url":"https:\/\/lesminimalys.fr\/?product=savon-naturel-artisanal","name":"Savon naturel Spiruline-Menthe - Les Minimalys","isPartOf":{"@id":"https:\/\/lesminimalys.fr\/#website"},"primaryImageOfPage":{"@id":"https:\/\/lesminimalys.fr\/?product=savon-naturel-artisanal#primaryimage"},"image":{"@id":"https:\/\/lesminimalys.fr\/?product=savon-naturel-artisanal#primaryimage"},"thumbnailUrl":"https:\/\/lesminimalys.fr\/wp-content\/uploads\/2021\/02\/20230323_090635-scaled.jpg","datePublished":"2021-02-15T10:36:30+00:00","dateModified":"2026-01-06T12:59:02+00:00","description":"Savon naturel artisanal \u00e0 la Spiruline Corse et aux huiles essentielles de Menthe poivr\u00e9e. Ingr\u00e9dients issus de l'agriculture biologique et de productions fran\u00e7aises.","breadcrumb":{"@id":"https:\/\/lesminimalys.fr\/?product=savon-naturel-artisanal#breadcrumb"},"inLanguage":"fr-FR","potentialAction":[{"@type":"ReadAction","target":["https:\/\/lesminimalys.fr\/?product=savon-naturel-artisanal"]}]},{"@type":"ImageObject","inLanguage":"fr-FR","@id":"https:\/\/lesminimalys.fr\/?product=savon-naturel-artisanal#primaryimage","url":"https:\/\/lesminimalys.fr\/wp-content\/uploads\/2021\/02\/20230323_090635-scaled.jpg","contentUrl":"https:\/\/lesminimalys.fr\/wp-content\/uploads\/2021\/02\/20230323_090635-scaled.jpg","width":2560,"height":1920,"caption":"savon spiruline menthe"},{"@type":"BreadcrumbList","@id":"https:\/\/lesminimalys.fr\/?product=savon-naturel-artisanal#breadcrumb","itemListElement":[{"@type":"ListItem","position":1,"name":"Accueil","item":"https:\/\/lesminimalys.fr\/"},{"@type":"ListItem","position":2,"name":"Boutique","item":"https:\/\/lesminimalys.fr\/?page_id=435"},{"@type":"ListItem","position":3,"name":"Spiruline-menthe"}]},{"@type":"WebSite","@id":"https:\/\/lesminimalys.fr\/#website","url":"https:\/\/lesminimalys.fr\/","name":"Les Minimalys","description":"Savonnerie Artisanale","publisher":{"@id":"https:\/\/lesminimalys.fr\/#organization"},"potentialAction":[{"@type":"SearchAction","target":{"@type":"EntryPoint","urlTemplate":"https:\/\/lesminimalys.fr\/?s={search_term_string}"},"query-input":{"@type":"PropertyValueSpecification","valueRequired":true,"valueName":"search_term_string"}}],"inLanguage":"fr-FR"},{"@type":"Organization","@id":"https:\/\/lesminimalys.fr\/#organization","name":"Les Minimalys","url":"https:\/\/lesminimalys.fr\/","logo":{"@type":"ImageObject","inLanguage":"fr-FR","@id":"https:\/\/lesminimalys.fr\/#\/schema\/logo\/image\/","url":"https:\/\/lesminimalys.fr\/wp-content\/uploads\/2021\/02\/cropped-cropped-cropped-cropped-logo-savonnerie-1.png","contentUrl":"https:\/\/lesminimalys.fr\/wp-content\/uploads\/2021\/02\/cropped-cropped-cropped-cropped-logo-savonnerie-1.png","width":500,"height":148,"caption":"Les Minimalys"},"image":{"@id":"https:\/\/lesminimalys.fr\/#\/schema\/logo\/image\/"},"sameAs":["https:\/\/www.facebook.com\/lesminimalys","https:\/\/www.instagram.com\/lesminimalys\/"]}]}},"jetpack_sharing_enabled":true,"_links":{"self":[{"href":"https:\/\/lesminimalys.fr\/index.php?rest_route=\/wp\/v2\/product\/469","targetHints":{"allow":["GET"]}}],"collection":[{"href":"https:\/\/lesminimalys.fr\/index.php?rest_route=\/wp\/v2\/product"}],"about":[{"href":"https:\/\/lesminimalys.fr\/index.php?rest_route=\/wp\/v2\/types\/product"}],"wp:featuredmedia":[{"embeddable":true,"href":"https:\/\/lesminimalys.fr\/index.php?rest_route=\/wp\/v2\/media\/3082"}],"wp:attachment":[{"href":"https:\/\/lesminimalys.fr\/index.php?rest_route=%2Fwp%2Fv2%2Fmedia&parent=469"}],"wp:term":[{"taxonomy":"product_brand","embeddable":true,"href":"https:\/\/lesminimalys.fr\/index.php?rest_route=%2Fwp%2Fv2%2Fproduct_brand&post=469"},{"taxonomy":"product_cat","embeddable":true,"href":"https:\/\/lesminimalys.fr\/index.php?rest_route=%2Fwp%2Fv2%2Fproduct_cat&post=469"},{"taxonomy":"product_tag","embeddable":true,"href":"https:\/\/lesminimalys.fr\/index.php?rest_route=%2Fwp%2Fv2%2Fproduct_tag&post=469"}],"curies":[{"name":"wp","href":"https:\/\/api.w.org\/{rel}","templated":true}]}}