{"id":3069,"date":"2025-03-28T14:43:31","date_gmt":"2025-03-28T13:43:31","guid":{"rendered":"https:\/\/lesminimalys.fr\/?post_type=product&#038;p=3069"},"modified":"2025-03-28T14:51:05","modified_gmt":"2025-03-28T13:51:05","slug":"shampoing-doux","status":"publish","type":"product","link":"https:\/\/lesminimalys.fr\/?product=shampoing-doux","title":{"rendered":"Shampoing doux"},"content":{"rendered":"<p>Notre shampoing solide saponifi\u00e9 \u00e0 froid lave en douceur les cheveux et les cuirs chevelus sensibles et\/ou irrit\u00e9s.<\/p>\n<p>Sa formule toute simple ne contient tout simplement pas de tensioactifs irritants, pas de sulfates, pas de silicones et en fait une excellente <strong>base lavante<\/strong> pour tous types de cheveux.<\/p>\n<p>Il contient des poudres d&rsquo;ortie et de myrte aux vertus s\u00e9bo-r\u00e9gulatrices et des huiles de chanvre et de brocolis qui viennent gainer la fibre capillaire et \u00e9viter son ass\u00e8chement. Sa mousse onctueuse et d\u00e9licate convient parfaitement au rasage.<\/p>\n<p><strong><em>Conseils d&rsquo;utilisation :<\/em> <\/strong>Appliquer sur cheveux humides, faire mousser avec les mains, rincer \u00e0 l&rsquo;eau. Sur cheveux longs s&rsquo;utilise de pr\u00e9f\u00e9rence en compl\u00e9ment d&rsquo;un apr\u00e8s shampoing ou d&rsquo;un soin. A conserver \u00e0 l\u2019abri de l\u2019humidit\u00e9 pour garder votre shampoing solide plus longtemps.<\/p>\n<p><em><strong>Pr\u00e9cautions d\u2019emploi<\/strong><\/em> : Eviter tout contact avec les yeux. Ne pas utiliser chez la femme enceinte et allaitante.<\/p>\n<p>Pour en savoir plus sur les conditions d\u2019utilisation et de conservation de nos savons consultez notre\u00a0<strong><a href=\"https:\/\/lesminimalys.fr\/?page_id=1323\">FAQ<\/a><\/strong>.<\/p>\n<p>Toutes nos \u00e9tiquettes sont con\u00e7ues en papier recycl\u00e9, biod\u00e9gradable et recyclable. Elles contribuent ainsi \u00e0 une d\u00e9marche z\u00e9ro impact, respectueuse de l\u2019environnement et donc de la plan\u00e8te.<\/p>\n<p><em><strong><span class=\"OYPEnA font-feature-liga-off font-feature-clig-off font-feature-calt-off text-decoration-underline text-strikethrough-none\">Composition :<\/span> <span class=\"OYPEnA font-feature-liga-off font-feature-clig-off font-feature-calt-off text-strikethrough-none text-decoration-none\">Sodium olivate, Aqua, Sodium sunflowerseedate, Sodium shea butterate, Sodium cocoate, Glycerin, Cannabis sativa seed oil, Brassica oleracea var. italica seed oil, Urtica dioica leaf powder, Myrtus communis powder, Myrtus communis oil<\/span><span class=\"OYPEnA font-feature-liga-off font-feature-clig-off font-feature-calt-off text-strikethrough-none text-decoration-none\">.<\/span><\/strong><\/em><\/p>\n","protected":false},"excerpt":{"rendered":"<p><img decoding=\"async\" class=\"wp-image-3065 aligncenter\" src=\"https:\/\/lesminimalys.fr\/wp-content\/uploads\/2025\/03\/FATTU-IN-CORSICA-2-300x300.png\" alt=\"\" width=\"140\" height=\"140\" srcset=\"https:\/\/lesminimalys.fr\/wp-content\/uploads\/2025\/03\/FATTU-IN-CORSICA-2-300x300.png 300w, https:\/\/lesminimalys.fr\/wp-content\/uploads\/2025\/03\/FATTU-IN-CORSICA-2-1024x1024.png 1024w, https:\/\/lesminimalys.fr\/wp-content\/uploads\/2025\/03\/FATTU-IN-CORSICA-2-150x150.png 150w, https:\/\/lesminimalys.fr\/wp-content\/uploads\/2025\/03\/FATTU-IN-CORSICA-2-768x768.png 768w, https:\/\/lesminimalys.fr\/wp-content\/uploads\/2025\/03\/FATTU-IN-CORSICA-2-600x600.png 600w, https:\/\/lesminimalys.fr\/wp-content\/uploads\/2025\/03\/FATTU-IN-CORSICA-2-100x100.png 100w, https:\/\/lesminimalys.fr\/wp-content\/uploads\/2025\/03\/FATTU-IN-CORSICA-2.png 1080w\" sizes=\"(max-width: 140px) 100vw, 140px\" \/><\/p>\n","protected":false},"featured_media":3074,"template":"","meta":{"_monsterinsights_skip_tracking":false,"_monsterinsights_sitenote_active":false,"_monsterinsights_sitenote_note":"","_monsterinsights_sitenote_category":0,"_glsr_average":0,"_glsr_ranking":0,"_glsr_reviews":0},"product_brand":[],"product_cat":[18,20],"product_tag":[],"class_list":{"0":"post-3069","1":"product","2":"type-product","3":"status-publish","4":"has-post-thumbnail","6":"product_cat-savons","7":"product_cat-shampoings","9":"entry","10":"has-media","12":"first","13":"instock","14":"taxable","15":"shipping-taxable","16":"purchasable","17":"product-type-variable","18":"has-product-nav","19":"col","20":"span_1_of_3","21":"owp-content-center","22":"owp-thumbs-layout-horizontal","23":"owp-btn-normal","24":"owp-tabs-layout-horizontal"},"yoast_head":"<!-- This site is optimized with the Yoast SEO plugin v26.8 - https:\/\/yoast.com\/product\/yoast-seo-wordpress\/ -->\n<title>Shampoing doux - shampoing solide - Les Minimalys<\/title>\n<meta name=\"description\" content=\"Shampoing solide saponifi\u00e9 \u00e0 froid \u00e0 la myrte Corse. La base lavante par excellence ! Z\u00e9ro bla bla, z\u00e9ro plastique, z\u00e9ro perturbateurs endocriniens.\" \/>\n<meta name=\"robots\" content=\"index, follow, max-snippet:-1, max-image-preview:large, max-video-preview:-1\" \/>\n<link rel=\"canonical\" href=\"https:\/\/lesminimalys.fr\/?product=shampoing-doux\" \/>\n<meta property=\"og:locale\" content=\"fr_FR\" \/>\n<meta property=\"og:type\" content=\"article\" \/>\n<meta property=\"og:title\" content=\"Shampoing doux - shampoing solide - Les Minimalys\" \/>\n<meta property=\"og:description\" content=\"Shampoing solide saponifi\u00e9 \u00e0 froid \u00e0 la myrte Corse. La base lavante par excellence ! Z\u00e9ro bla bla, z\u00e9ro plastique, z\u00e9ro perturbateurs endocriniens.\" \/>\n<meta property=\"og:url\" content=\"https:\/\/lesminimalys.fr\/?product=shampoing-doux\" \/>\n<meta property=\"og:site_name\" content=\"Les Minimalys\" \/>\n<meta property=\"article:publisher\" content=\"https:\/\/www.facebook.com\/lesminimalys\" \/>\n<meta property=\"article:modified_time\" content=\"2025-03-28T13:51:05+00:00\" \/>\n<meta property=\"og:image\" content=\"https:\/\/lesminimalys.fr\/wp-content\/uploads\/2025\/03\/instasize_240201145233-scaled.jpg\" \/>\n\t<meta property=\"og:image:width\" content=\"2560\" \/>\n\t<meta property=\"og:image:height\" content=\"1895\" \/>\n\t<meta property=\"og:image:type\" content=\"image\/jpeg\" \/>\n<meta name=\"twitter:card\" content=\"summary_large_image\" \/>\n<meta name=\"twitter:label1\" content=\"Dur\u00e9e de lecture estim\u00e9e\" \/>\n\t<meta name=\"twitter:data1\" content=\"2 minutes\" \/>\n<script type=\"application\/ld+json\" class=\"yoast-schema-graph\">{\"@context\":\"https:\/\/schema.org\",\"@graph\":[{\"@type\":\"WebPage\",\"@id\":\"https:\/\/lesminimalys.fr\/?product=shampoing-doux\",\"url\":\"https:\/\/lesminimalys.fr\/?product=shampoing-doux\",\"name\":\"Shampoing doux - shampoing solide - Les Minimalys\",\"isPartOf\":{\"@id\":\"https:\/\/lesminimalys.fr\/#website\"},\"primaryImageOfPage\":{\"@id\":\"https:\/\/lesminimalys.fr\/?product=shampoing-doux#primaryimage\"},\"image\":{\"@id\":\"https:\/\/lesminimalys.fr\/?product=shampoing-doux#primaryimage\"},\"thumbnailUrl\":\"https:\/\/lesminimalys.fr\/wp-content\/uploads\/2025\/03\/instasize_240201145233-scaled.jpg\",\"datePublished\":\"2025-03-28T13:43:31+00:00\",\"dateModified\":\"2025-03-28T13:51:05+00:00\",\"description\":\"Shampoing solide saponifi\u00e9 \u00e0 froid \u00e0 la myrte Corse. La base lavante par excellence ! Z\u00e9ro bla bla, z\u00e9ro plastique, z\u00e9ro perturbateurs endocriniens.\",\"breadcrumb\":{\"@id\":\"https:\/\/lesminimalys.fr\/?product=shampoing-doux#breadcrumb\"},\"inLanguage\":\"fr-FR\",\"potentialAction\":[{\"@type\":\"ReadAction\",\"target\":[\"https:\/\/lesminimalys.fr\/?product=shampoing-doux\"]}]},{\"@type\":\"ImageObject\",\"inLanguage\":\"fr-FR\",\"@id\":\"https:\/\/lesminimalys.fr\/?product=shampoing-doux#primaryimage\",\"url\":\"https:\/\/lesminimalys.fr\/wp-content\/uploads\/2025\/03\/instasize_240201145233-scaled.jpg\",\"contentUrl\":\"https:\/\/lesminimalys.fr\/wp-content\/uploads\/2025\/03\/instasize_240201145233-scaled.jpg\",\"width\":2560,\"height\":1895,\"caption\":\"shampoing solide \u00e0 la myrte corse\"},{\"@type\":\"BreadcrumbList\",\"@id\":\"https:\/\/lesminimalys.fr\/?product=shampoing-doux#breadcrumb\",\"itemListElement\":[{\"@type\":\"ListItem\",\"position\":1,\"name\":\"Accueil\",\"item\":\"https:\/\/lesminimalys.fr\/\"},{\"@type\":\"ListItem\",\"position\":2,\"name\":\"Boutique\",\"item\":\"https:\/\/lesminimalys.fr\/?page_id=435\"},{\"@type\":\"ListItem\",\"position\":3,\"name\":\"Shampoing doux\"}]},{\"@type\":\"WebSite\",\"@id\":\"https:\/\/lesminimalys.fr\/#website\",\"url\":\"https:\/\/lesminimalys.fr\/\",\"name\":\"Les Minimalys\",\"description\":\"Savonnerie Artisanale\",\"publisher\":{\"@id\":\"https:\/\/lesminimalys.fr\/#organization\"},\"potentialAction\":[{\"@type\":\"SearchAction\",\"target\":{\"@type\":\"EntryPoint\",\"urlTemplate\":\"https:\/\/lesminimalys.fr\/?s={search_term_string}\"},\"query-input\":{\"@type\":\"PropertyValueSpecification\",\"valueRequired\":true,\"valueName\":\"search_term_string\"}}],\"inLanguage\":\"fr-FR\"},{\"@type\":\"Organization\",\"@id\":\"https:\/\/lesminimalys.fr\/#organization\",\"name\":\"Les Minimalys\",\"url\":\"https:\/\/lesminimalys.fr\/\",\"logo\":{\"@type\":\"ImageObject\",\"inLanguage\":\"fr-FR\",\"@id\":\"https:\/\/lesminimalys.fr\/#\/schema\/logo\/image\/\",\"url\":\"https:\/\/lesminimalys.fr\/wp-content\/uploads\/2021\/02\/cropped-cropped-cropped-cropped-logo-savonnerie-1.png\",\"contentUrl\":\"https:\/\/lesminimalys.fr\/wp-content\/uploads\/2021\/02\/cropped-cropped-cropped-cropped-logo-savonnerie-1.png\",\"width\":500,\"height\":148,\"caption\":\"Les Minimalys\"},\"image\":{\"@id\":\"https:\/\/lesminimalys.fr\/#\/schema\/logo\/image\/\"},\"sameAs\":[\"https:\/\/www.facebook.com\/lesminimalys\",\"https:\/\/www.instagram.com\/lesminimalys\/\"]}]}<\/script>\n<!-- \/ Yoast SEO plugin. -->","yoast_head_json":{"title":"Shampoing doux - shampoing solide - Les Minimalys","description":"Shampoing solide saponifi\u00e9 \u00e0 froid \u00e0 la myrte Corse. La base lavante par excellence ! Z\u00e9ro bla bla, z\u00e9ro plastique, z\u00e9ro perturbateurs endocriniens.","robots":{"index":"index","follow":"follow","max-snippet":"max-snippet:-1","max-image-preview":"max-image-preview:large","max-video-preview":"max-video-preview:-1"},"canonical":"https:\/\/lesminimalys.fr\/?product=shampoing-doux","og_locale":"fr_FR","og_type":"article","og_title":"Shampoing doux - shampoing solide - Les Minimalys","og_description":"Shampoing solide saponifi\u00e9 \u00e0 froid \u00e0 la myrte Corse. La base lavante par excellence ! Z\u00e9ro bla bla, z\u00e9ro plastique, z\u00e9ro perturbateurs endocriniens.","og_url":"https:\/\/lesminimalys.fr\/?product=shampoing-doux","og_site_name":"Les Minimalys","article_publisher":"https:\/\/www.facebook.com\/lesminimalys","article_modified_time":"2025-03-28T13:51:05+00:00","og_image":[{"width":2560,"height":1895,"url":"https:\/\/lesminimalys.fr\/wp-content\/uploads\/2025\/03\/instasize_240201145233-scaled.jpg","type":"image\/jpeg"}],"twitter_card":"summary_large_image","twitter_misc":{"Dur\u00e9e de lecture estim\u00e9e":"2 minutes"},"schema":{"@context":"https:\/\/schema.org","@graph":[{"@type":"WebPage","@id":"https:\/\/lesminimalys.fr\/?product=shampoing-doux","url":"https:\/\/lesminimalys.fr\/?product=shampoing-doux","name":"Shampoing doux - shampoing solide - Les Minimalys","isPartOf":{"@id":"https:\/\/lesminimalys.fr\/#website"},"primaryImageOfPage":{"@id":"https:\/\/lesminimalys.fr\/?product=shampoing-doux#primaryimage"},"image":{"@id":"https:\/\/lesminimalys.fr\/?product=shampoing-doux#primaryimage"},"thumbnailUrl":"https:\/\/lesminimalys.fr\/wp-content\/uploads\/2025\/03\/instasize_240201145233-scaled.jpg","datePublished":"2025-03-28T13:43:31+00:00","dateModified":"2025-03-28T13:51:05+00:00","description":"Shampoing solide saponifi\u00e9 \u00e0 froid \u00e0 la myrte Corse. La base lavante par excellence ! Z\u00e9ro bla bla, z\u00e9ro plastique, z\u00e9ro perturbateurs endocriniens.","breadcrumb":{"@id":"https:\/\/lesminimalys.fr\/?product=shampoing-doux#breadcrumb"},"inLanguage":"fr-FR","potentialAction":[{"@type":"ReadAction","target":["https:\/\/lesminimalys.fr\/?product=shampoing-doux"]}]},{"@type":"ImageObject","inLanguage":"fr-FR","@id":"https:\/\/lesminimalys.fr\/?product=shampoing-doux#primaryimage","url":"https:\/\/lesminimalys.fr\/wp-content\/uploads\/2025\/03\/instasize_240201145233-scaled.jpg","contentUrl":"https:\/\/lesminimalys.fr\/wp-content\/uploads\/2025\/03\/instasize_240201145233-scaled.jpg","width":2560,"height":1895,"caption":"shampoing solide \u00e0 la myrte corse"},{"@type":"BreadcrumbList","@id":"https:\/\/lesminimalys.fr\/?product=shampoing-doux#breadcrumb","itemListElement":[{"@type":"ListItem","position":1,"name":"Accueil","item":"https:\/\/lesminimalys.fr\/"},{"@type":"ListItem","position":2,"name":"Boutique","item":"https:\/\/lesminimalys.fr\/?page_id=435"},{"@type":"ListItem","position":3,"name":"Shampoing doux"}]},{"@type":"WebSite","@id":"https:\/\/lesminimalys.fr\/#website","url":"https:\/\/lesminimalys.fr\/","name":"Les Minimalys","description":"Savonnerie Artisanale","publisher":{"@id":"https:\/\/lesminimalys.fr\/#organization"},"potentialAction":[{"@type":"SearchAction","target":{"@type":"EntryPoint","urlTemplate":"https:\/\/lesminimalys.fr\/?s={search_term_string}"},"query-input":{"@type":"PropertyValueSpecification","valueRequired":true,"valueName":"search_term_string"}}],"inLanguage":"fr-FR"},{"@type":"Organization","@id":"https:\/\/lesminimalys.fr\/#organization","name":"Les Minimalys","url":"https:\/\/lesminimalys.fr\/","logo":{"@type":"ImageObject","inLanguage":"fr-FR","@id":"https:\/\/lesminimalys.fr\/#\/schema\/logo\/image\/","url":"https:\/\/lesminimalys.fr\/wp-content\/uploads\/2021\/02\/cropped-cropped-cropped-cropped-logo-savonnerie-1.png","contentUrl":"https:\/\/lesminimalys.fr\/wp-content\/uploads\/2021\/02\/cropped-cropped-cropped-cropped-logo-savonnerie-1.png","width":500,"height":148,"caption":"Les Minimalys"},"image":{"@id":"https:\/\/lesminimalys.fr\/#\/schema\/logo\/image\/"},"sameAs":["https:\/\/www.facebook.com\/lesminimalys","https:\/\/www.instagram.com\/lesminimalys\/"]}]}},"jetpack_sharing_enabled":true,"_links":{"self":[{"href":"https:\/\/lesminimalys.fr\/index.php?rest_route=\/wp\/v2\/product\/3069","targetHints":{"allow":["GET"]}}],"collection":[{"href":"https:\/\/lesminimalys.fr\/index.php?rest_route=\/wp\/v2\/product"}],"about":[{"href":"https:\/\/lesminimalys.fr\/index.php?rest_route=\/wp\/v2\/types\/product"}],"wp:featuredmedia":[{"embeddable":true,"href":"https:\/\/lesminimalys.fr\/index.php?rest_route=\/wp\/v2\/media\/3074"}],"wp:attachment":[{"href":"https:\/\/lesminimalys.fr\/index.php?rest_route=%2Fwp%2Fv2%2Fmedia&parent=3069"}],"wp:term":[{"taxonomy":"product_brand","embeddable":true,"href":"https:\/\/lesminimalys.fr\/index.php?rest_route=%2Fwp%2Fv2%2Fproduct_brand&post=3069"},{"taxonomy":"product_cat","embeddable":true,"href":"https:\/\/lesminimalys.fr\/index.php?rest_route=%2Fwp%2Fv2%2Fproduct_cat&post=3069"},{"taxonomy":"product_tag","embeddable":true,"href":"https:\/\/lesminimalys.fr\/index.php?rest_route=%2Fwp%2Fv2%2Fproduct_tag&post=3069"}],"curies":[{"name":"wp","href":"https:\/\/api.w.org\/{rel}","templated":true}]}}