{"id":3066,"date":"2025-03-28T14:30:43","date_gmt":"2025-03-28T13:30:43","guid":{"rendered":"https:\/\/lesminimalys.fr\/?post_type=product&#038;p=3066"},"modified":"2026-01-06T13:48:18","modified_gmt":"2026-01-06T12:48:18","slug":"savon-au-lait-danesse","status":"publish","type":"product","link":"https:\/\/lesminimalys.fr\/?product=savon-au-lait-danesse","title":{"rendered":"Savon au lait d&rsquo;\u00e2nesse"},"content":{"rendered":"<p>Depuis l\u2019antiquit\u00e9 le lait d\u2019\u00e2nesse est utilis\u00e9 par certains peuples pour ses vertus dans les domaines de la beaut\u00e9 et la sant\u00e9. Il est r\u00e9put\u00e9 pour entretenir la beaut\u00e9 et la jeunesse de la peau.<\/p>\n<p>Notre savon au lait d&rsquo;\u00e2nesse bio (made in France) surgras et naturellement glyc\u00e9rin\u00e9 est un concentr\u00e9 de douceur, d&rsquo;onctuosit\u00e9 et d&rsquo;hydratation. Il convient particuli\u00e8rement aux peaux s\u00e8ches, matures et aux peaux r\u00e9actives.<\/p>\n<p>Formul\u00e9 :<\/p>\n<ul>\n<li>sans parfums ni colorants,<\/li>\n<li>sans conservateurs ni tensioactifs,<\/li>\n<li>sans huiles essentielles et sans superflu<\/li>\n<\/ul>\n<p>&nbsp;<\/p>\n<p>Peaux matures, s\u00e8ches et sensibles, adoptez-le !<\/p>\n<p><em><strong>Conseils d\u2019utilisation<\/strong>\u00a0<\/em>: A conserver \u00e0 l\u2019abri de l\u2019humidit\u00e9 pour garder votre savon plus longtemps.<\/p>\n<p><em><strong>Pr\u00e9cautions d&#8217;emploi<\/strong><\/em> : Eviter tout contact avec les yeux.<\/p>\n<p>Pour en savoir plus sur les conditions d\u2019utilisation et de conservation de nos savons consultez notre\u00a0<strong><a href=\"https:\/\/lesminimalys.fr\/?page_id=1323\">FAQ<\/a><\/strong>.<\/p>\n<p>Toutes nos \u00e9tiquettes sont con\u00e7ues en papier recycl\u00e9, biod\u00e9gradable et recyclable. Elles contribuent ainsi \u00e0 une d\u00e9marche z\u00e9ro impact, respectueuse de l\u2019environnement et donc de la plan\u00e8te.<\/p>\n<p><em><strong><span class=\"OYPEnA font-feature-liga-off font-feature-clig-off font-feature-calt-off text-decoration-underline text-strikethrough-none\">Composition :<\/span><span class=\"OYPEnA font-feature-liga-off font-feature-clig-off font-feature-calt-off text-strikethrough-none text-decoration-none\"> Sodium olivate, Aqua, Sodium sunflowerseedate, Sodium shea butterate, Sodium cocoate, Glycerin, Montmorillonite, Illite, Kaolin, Donkey milk, Rosa canina seed oil.<\/span><\/strong><\/em><\/p>\n","protected":false},"excerpt":{"rendered":"<p><img decoding=\"async\" class=\"wp-image-3065 aligncenter\" src=\"https:\/\/lesminimalys.fr\/wp-content\/uploads\/2025\/03\/FATTU-IN-CORSICA-2-300x300.png\" alt=\"\" width=\"140\" height=\"140\" srcset=\"https:\/\/lesminimalys.fr\/wp-content\/uploads\/2025\/03\/FATTU-IN-CORSICA-2-300x300.png 300w, https:\/\/lesminimalys.fr\/wp-content\/uploads\/2025\/03\/FATTU-IN-CORSICA-2-1024x1024.png 1024w, https:\/\/lesminimalys.fr\/wp-content\/uploads\/2025\/03\/FATTU-IN-CORSICA-2-150x150.png 150w, https:\/\/lesminimalys.fr\/wp-content\/uploads\/2025\/03\/FATTU-IN-CORSICA-2-768x768.png 768w, https:\/\/lesminimalys.fr\/wp-content\/uploads\/2025\/03\/FATTU-IN-CORSICA-2-600x600.png 600w, https:\/\/lesminimalys.fr\/wp-content\/uploads\/2025\/03\/FATTU-IN-CORSICA-2-100x100.png 100w, https:\/\/lesminimalys.fr\/wp-content\/uploads\/2025\/03\/FATTU-IN-CORSICA-2.png 1080w\" sizes=\"(max-width: 140px) 100vw, 140px\" \/><\/p>\n","protected":false},"featured_media":3076,"template":"","meta":{"_monsterinsights_skip_tracking":false,"_monsterinsights_sitenote_active":false,"_monsterinsights_sitenote_note":"","_monsterinsights_sitenote_category":0,"_glsr_average":0,"_glsr_ranking":0,"_glsr_reviews":0},"product_brand":[],"product_cat":[18],"product_tag":[],"class_list":{"0":"post-3066","1":"product","2":"type-product","3":"status-publish","4":"has-post-thumbnail","6":"product_cat-savons","8":"entry","9":"has-media","11":"first","12":"instock","13":"taxable","14":"shipping-taxable","15":"purchasable","16":"product-type-variable","17":"has-product-nav","18":"col","19":"span_1_of_3","20":"owp-content-center","21":"owp-thumbs-layout-horizontal","22":"owp-btn-normal","23":"owp-tabs-layout-horizontal"},"yoast_head":"<!-- This site is optimized with the Yoast SEO plugin v26.8 - https:\/\/yoast.com\/product\/yoast-seo-wordpress\/ -->\n<title>Savon au lait d&#039;\u00e2nesse - Les Minimalys<\/title>\n<meta name=\"description\" content=\"Le lait d&#039;\u00e2nesse est r\u00e9put\u00e9 pour entretenir la beaut\u00e9 et la jeunesse de la peau. Notre savon au lait d&#039;\u00e2nesse : l&#039;alli\u00e9 des peaux s\u00e8ches et matures !\" \/>\n<meta name=\"robots\" content=\"index, follow, max-snippet:-1, max-image-preview:large, max-video-preview:-1\" \/>\n<link rel=\"canonical\" href=\"https:\/\/lesminimalys.fr\/?product=savon-au-lait-danesse\" \/>\n<meta property=\"og:locale\" content=\"fr_FR\" \/>\n<meta property=\"og:type\" content=\"article\" \/>\n<meta property=\"og:title\" content=\"Savon au lait d&#039;\u00e2nesse - Les Minimalys\" \/>\n<meta property=\"og:description\" content=\"Le lait d&#039;\u00e2nesse est r\u00e9put\u00e9 pour entretenir la beaut\u00e9 et la jeunesse de la peau. Notre savon au lait d&#039;\u00e2nesse : l&#039;alli\u00e9 des peaux s\u00e8ches et matures !\" \/>\n<meta property=\"og:url\" content=\"https:\/\/lesminimalys.fr\/?product=savon-au-lait-danesse\" \/>\n<meta property=\"og:site_name\" content=\"Les Minimalys\" \/>\n<meta property=\"article:publisher\" content=\"https:\/\/www.facebook.com\/lesminimalys\" \/>\n<meta property=\"article:modified_time\" content=\"2026-01-06T12:48:18+00:00\" \/>\n<meta property=\"og:image\" content=\"https:\/\/lesminimalys.fr\/wp-content\/uploads\/2025\/03\/20231006_182817-scaled.jpg\" \/>\n\t<meta property=\"og:image:width\" content=\"2019\" \/>\n\t<meta property=\"og:image:height\" content=\"2560\" \/>\n\t<meta property=\"og:image:type\" content=\"image\/jpeg\" \/>\n<meta name=\"twitter:card\" content=\"summary_large_image\" \/>\n<meta name=\"twitter:label1\" content=\"Dur\u00e9e de lecture estim\u00e9e\" \/>\n\t<meta name=\"twitter:data1\" content=\"2 minutes\" \/>\n<script type=\"application\/ld+json\" class=\"yoast-schema-graph\">{\"@context\":\"https:\/\/schema.org\",\"@graph\":[{\"@type\":\"WebPage\",\"@id\":\"https:\/\/lesminimalys.fr\/?product=savon-au-lait-danesse\",\"url\":\"https:\/\/lesminimalys.fr\/?product=savon-au-lait-danesse\",\"name\":\"Savon au lait d'\u00e2nesse - Les Minimalys\",\"isPartOf\":{\"@id\":\"https:\/\/lesminimalys.fr\/#website\"},\"primaryImageOfPage\":{\"@id\":\"https:\/\/lesminimalys.fr\/?product=savon-au-lait-danesse#primaryimage\"},\"image\":{\"@id\":\"https:\/\/lesminimalys.fr\/?product=savon-au-lait-danesse#primaryimage\"},\"thumbnailUrl\":\"https:\/\/lesminimalys.fr\/wp-content\/uploads\/2025\/03\/20231006_182817-scaled.jpg\",\"datePublished\":\"2025-03-28T13:30:43+00:00\",\"dateModified\":\"2026-01-06T12:48:18+00:00\",\"description\":\"Le lait d'\u00e2nesse est r\u00e9put\u00e9 pour entretenir la beaut\u00e9 et la jeunesse de la peau. Notre savon au lait d'\u00e2nesse : l'alli\u00e9 des peaux s\u00e8ches et matures !\",\"breadcrumb\":{\"@id\":\"https:\/\/lesminimalys.fr\/?product=savon-au-lait-danesse#breadcrumb\"},\"inLanguage\":\"fr-FR\",\"potentialAction\":[{\"@type\":\"ReadAction\",\"target\":[\"https:\/\/lesminimalys.fr\/?product=savon-au-lait-danesse\"]}]},{\"@type\":\"ImageObject\",\"inLanguage\":\"fr-FR\",\"@id\":\"https:\/\/lesminimalys.fr\/?product=savon-au-lait-danesse#primaryimage\",\"url\":\"https:\/\/lesminimalys.fr\/wp-content\/uploads\/2025\/03\/20231006_182817-scaled.jpg\",\"contentUrl\":\"https:\/\/lesminimalys.fr\/wp-content\/uploads\/2025\/03\/20231006_182817-scaled.jpg\",\"width\":2019,\"height\":2560,\"caption\":\"savon au lait d'\u00e2nesse\"},{\"@type\":\"BreadcrumbList\",\"@id\":\"https:\/\/lesminimalys.fr\/?product=savon-au-lait-danesse#breadcrumb\",\"itemListElement\":[{\"@type\":\"ListItem\",\"position\":1,\"name\":\"Accueil\",\"item\":\"https:\/\/lesminimalys.fr\/\"},{\"@type\":\"ListItem\",\"position\":2,\"name\":\"Boutique\",\"item\":\"https:\/\/lesminimalys.fr\/?page_id=435\"},{\"@type\":\"ListItem\",\"position\":3,\"name\":\"Savon au lait d&rsquo;\u00e2nesse\"}]},{\"@type\":\"WebSite\",\"@id\":\"https:\/\/lesminimalys.fr\/#website\",\"url\":\"https:\/\/lesminimalys.fr\/\",\"name\":\"Les Minimalys\",\"description\":\"Savonnerie Artisanale\",\"publisher\":{\"@id\":\"https:\/\/lesminimalys.fr\/#organization\"},\"potentialAction\":[{\"@type\":\"SearchAction\",\"target\":{\"@type\":\"EntryPoint\",\"urlTemplate\":\"https:\/\/lesminimalys.fr\/?s={search_term_string}\"},\"query-input\":{\"@type\":\"PropertyValueSpecification\",\"valueRequired\":true,\"valueName\":\"search_term_string\"}}],\"inLanguage\":\"fr-FR\"},{\"@type\":\"Organization\",\"@id\":\"https:\/\/lesminimalys.fr\/#organization\",\"name\":\"Les Minimalys\",\"url\":\"https:\/\/lesminimalys.fr\/\",\"logo\":{\"@type\":\"ImageObject\",\"inLanguage\":\"fr-FR\",\"@id\":\"https:\/\/lesminimalys.fr\/#\/schema\/logo\/image\/\",\"url\":\"https:\/\/lesminimalys.fr\/wp-content\/uploads\/2021\/02\/cropped-cropped-cropped-cropped-logo-savonnerie-1.png\",\"contentUrl\":\"https:\/\/lesminimalys.fr\/wp-content\/uploads\/2021\/02\/cropped-cropped-cropped-cropped-logo-savonnerie-1.png\",\"width\":500,\"height\":148,\"caption\":\"Les Minimalys\"},\"image\":{\"@id\":\"https:\/\/lesminimalys.fr\/#\/schema\/logo\/image\/\"},\"sameAs\":[\"https:\/\/www.facebook.com\/lesminimalys\",\"https:\/\/www.instagram.com\/lesminimalys\/\"]}]}<\/script>\n<!-- \/ Yoast SEO plugin. -->","yoast_head_json":{"title":"Savon au lait d'\u00e2nesse - Les Minimalys","description":"Le lait d'\u00e2nesse est r\u00e9put\u00e9 pour entretenir la beaut\u00e9 et la jeunesse de la peau. Notre savon au lait d'\u00e2nesse : l'alli\u00e9 des peaux s\u00e8ches et matures !","robots":{"index":"index","follow":"follow","max-snippet":"max-snippet:-1","max-image-preview":"max-image-preview:large","max-video-preview":"max-video-preview:-1"},"canonical":"https:\/\/lesminimalys.fr\/?product=savon-au-lait-danesse","og_locale":"fr_FR","og_type":"article","og_title":"Savon au lait d'\u00e2nesse - Les Minimalys","og_description":"Le lait d'\u00e2nesse est r\u00e9put\u00e9 pour entretenir la beaut\u00e9 et la jeunesse de la peau. Notre savon au lait d'\u00e2nesse : l'alli\u00e9 des peaux s\u00e8ches et matures !","og_url":"https:\/\/lesminimalys.fr\/?product=savon-au-lait-danesse","og_site_name":"Les Minimalys","article_publisher":"https:\/\/www.facebook.com\/lesminimalys","article_modified_time":"2026-01-06T12:48:18+00:00","og_image":[{"width":2019,"height":2560,"url":"https:\/\/lesminimalys.fr\/wp-content\/uploads\/2025\/03\/20231006_182817-scaled.jpg","type":"image\/jpeg"}],"twitter_card":"summary_large_image","twitter_misc":{"Dur\u00e9e de lecture estim\u00e9e":"2 minutes"},"schema":{"@context":"https:\/\/schema.org","@graph":[{"@type":"WebPage","@id":"https:\/\/lesminimalys.fr\/?product=savon-au-lait-danesse","url":"https:\/\/lesminimalys.fr\/?product=savon-au-lait-danesse","name":"Savon au lait d'\u00e2nesse - Les Minimalys","isPartOf":{"@id":"https:\/\/lesminimalys.fr\/#website"},"primaryImageOfPage":{"@id":"https:\/\/lesminimalys.fr\/?product=savon-au-lait-danesse#primaryimage"},"image":{"@id":"https:\/\/lesminimalys.fr\/?product=savon-au-lait-danesse#primaryimage"},"thumbnailUrl":"https:\/\/lesminimalys.fr\/wp-content\/uploads\/2025\/03\/20231006_182817-scaled.jpg","datePublished":"2025-03-28T13:30:43+00:00","dateModified":"2026-01-06T12:48:18+00:00","description":"Le lait d'\u00e2nesse est r\u00e9put\u00e9 pour entretenir la beaut\u00e9 et la jeunesse de la peau. Notre savon au lait d'\u00e2nesse : l'alli\u00e9 des peaux s\u00e8ches et matures !","breadcrumb":{"@id":"https:\/\/lesminimalys.fr\/?product=savon-au-lait-danesse#breadcrumb"},"inLanguage":"fr-FR","potentialAction":[{"@type":"ReadAction","target":["https:\/\/lesminimalys.fr\/?product=savon-au-lait-danesse"]}]},{"@type":"ImageObject","inLanguage":"fr-FR","@id":"https:\/\/lesminimalys.fr\/?product=savon-au-lait-danesse#primaryimage","url":"https:\/\/lesminimalys.fr\/wp-content\/uploads\/2025\/03\/20231006_182817-scaled.jpg","contentUrl":"https:\/\/lesminimalys.fr\/wp-content\/uploads\/2025\/03\/20231006_182817-scaled.jpg","width":2019,"height":2560,"caption":"savon au lait d'\u00e2nesse"},{"@type":"BreadcrumbList","@id":"https:\/\/lesminimalys.fr\/?product=savon-au-lait-danesse#breadcrumb","itemListElement":[{"@type":"ListItem","position":1,"name":"Accueil","item":"https:\/\/lesminimalys.fr\/"},{"@type":"ListItem","position":2,"name":"Boutique","item":"https:\/\/lesminimalys.fr\/?page_id=435"},{"@type":"ListItem","position":3,"name":"Savon au lait d&rsquo;\u00e2nesse"}]},{"@type":"WebSite","@id":"https:\/\/lesminimalys.fr\/#website","url":"https:\/\/lesminimalys.fr\/","name":"Les Minimalys","description":"Savonnerie Artisanale","publisher":{"@id":"https:\/\/lesminimalys.fr\/#organization"},"potentialAction":[{"@type":"SearchAction","target":{"@type":"EntryPoint","urlTemplate":"https:\/\/lesminimalys.fr\/?s={search_term_string}"},"query-input":{"@type":"PropertyValueSpecification","valueRequired":true,"valueName":"search_term_string"}}],"inLanguage":"fr-FR"},{"@type":"Organization","@id":"https:\/\/lesminimalys.fr\/#organization","name":"Les Minimalys","url":"https:\/\/lesminimalys.fr\/","logo":{"@type":"ImageObject","inLanguage":"fr-FR","@id":"https:\/\/lesminimalys.fr\/#\/schema\/logo\/image\/","url":"https:\/\/lesminimalys.fr\/wp-content\/uploads\/2021\/02\/cropped-cropped-cropped-cropped-logo-savonnerie-1.png","contentUrl":"https:\/\/lesminimalys.fr\/wp-content\/uploads\/2021\/02\/cropped-cropped-cropped-cropped-logo-savonnerie-1.png","width":500,"height":148,"caption":"Les Minimalys"},"image":{"@id":"https:\/\/lesminimalys.fr\/#\/schema\/logo\/image\/"},"sameAs":["https:\/\/www.facebook.com\/lesminimalys","https:\/\/www.instagram.com\/lesminimalys\/"]}]}},"jetpack_sharing_enabled":true,"_links":{"self":[{"href":"https:\/\/lesminimalys.fr\/index.php?rest_route=\/wp\/v2\/product\/3066","targetHints":{"allow":["GET"]}}],"collection":[{"href":"https:\/\/lesminimalys.fr\/index.php?rest_route=\/wp\/v2\/product"}],"about":[{"href":"https:\/\/lesminimalys.fr\/index.php?rest_route=\/wp\/v2\/types\/product"}],"wp:featuredmedia":[{"embeddable":true,"href":"https:\/\/lesminimalys.fr\/index.php?rest_route=\/wp\/v2\/media\/3076"}],"wp:attachment":[{"href":"https:\/\/lesminimalys.fr\/index.php?rest_route=%2Fwp%2Fv2%2Fmedia&parent=3066"}],"wp:term":[{"taxonomy":"product_brand","embeddable":true,"href":"https:\/\/lesminimalys.fr\/index.php?rest_route=%2Fwp%2Fv2%2Fproduct_brand&post=3066"},{"taxonomy":"product_cat","embeddable":true,"href":"https:\/\/lesminimalys.fr\/index.php?rest_route=%2Fwp%2Fv2%2Fproduct_cat&post=3066"},{"taxonomy":"product_tag","embeddable":true,"href":"https:\/\/lesminimalys.fr\/index.php?rest_route=%2Fwp%2Fv2%2Fproduct_tag&post=3066"}],"curies":[{"name":"wp","href":"https:\/\/api.w.org\/{rel}","templated":true}]}}