{"id":2771,"date":"2022-10-07T14:18:49","date_gmt":"2022-10-07T12:18:49","guid":{"rendered":"https:\/\/lesminimalys.fr\/?post_type=product&#038;p=2771"},"modified":"2025-11-03T14:33:44","modified_gmt":"2025-11-03T13:33:44","slug":"eponge-konjac-100-biodegradable","status":"publish","type":"product","link":"https:\/\/lesminimalys.fr\/?product=eponge-konjac-100-biodegradable","title":{"rendered":"Eponge Konjac 100% biod\u00e9gradable"},"content":{"rendered":"<p>Prenez soin de votre visage en douceur avec cette \u00e9ponge konjac 100% biod\u00e9gradable. Un produit durable, v\u00e9g\u00e9tal et compostable !<\/p>\n<p>Cette \u00e9ponge est 100 % v\u00e9g\u00e9tale, sans colorants ni additifs. Ses fibres naturelles permettent un nettoyage et une exfoliation douce, m\u00eame des peaux les plus fragiles. Elle favorise la microcirculation sanguine.<\/p>\n<p>Les + produits :<\/p>\n<ul>\n<li>Konjac pur (sans produits chimiques, colorants, additifs et irritants)<\/li>\n<li>Convient aux peaux sensibles et \u00e0 tous les autres types de peau.<\/li>\n<li>Exfolie la peau en douceur et hydrate naturellement 100 % biod\u00e9gradable (peut \u00eatre compost\u00e9)<\/li>\n<\/ul>\n<p>&nbsp;<\/p>\n<p><em>Conseils d&rsquo;utilisation :<\/em> Mouillez l&rsquo;\u00e9ponge konjac avec de l&rsquo;eau ti\u00e8de jusqu&rsquo;\u00e0 ce qu&rsquo;elle soit compl\u00e8tement r\u00e9hydrat\u00e9e, puis pressez-la doucement pour \u00e9goutter l&rsquo;eau.<\/p>\n","protected":false},"excerpt":{"rendered":"<h4 style=\"text-align: center;\">Eponge visage v\u00e9g\u00e9tale<\/h4>\n<p style=\"text-align: center;\">Nettoie en profondeur<\/p>\n<p style=\"text-align: center;\">Exfolie la peau en douceur<\/p>\n","protected":false},"featured_media":2776,"template":"","meta":{"_monsterinsights_skip_tracking":false,"_monsterinsights_sitenote_active":false,"_monsterinsights_sitenote_note":"","_monsterinsights_sitenote_category":0,"_glsr_average":0,"_glsr_ranking":0,"_glsr_reviews":0},"product_brand":[],"product_cat":[21],"product_tag":[],"class_list":{"0":"post-2771","1":"product","2":"type-product","3":"status-publish","4":"has-post-thumbnail","6":"product_cat-accessoires-zero-dechet","8":"entry","9":"has-media","11":"first","12":"outofstock","13":"taxable","14":"shipping-taxable","15":"purchasable","16":"product-type-simple","17":"has-product-nav","18":"col","19":"span_1_of_3","20":"owp-content-center","21":"owp-thumbs-layout-horizontal","22":"owp-btn-normal","23":"owp-tabs-layout-horizontal"},"yoast_head":"<!-- This site is optimized with the Yoast SEO plugin v26.8 - https:\/\/yoast.com\/product\/yoast-seo-wordpress\/ -->\n<title>Eponge Konjac 100% biod\u00e9gradable Les Minimalys<\/title>\n<meta name=\"description\" content=\"Eponge Konjac 100% biod\u00e9gradable\" \/>\n<meta name=\"robots\" content=\"index, follow, max-snippet:-1, max-image-preview:large, max-video-preview:-1\" \/>\n<link rel=\"canonical\" href=\"https:\/\/lesminimalys.fr\/?product=eponge-konjac-100-biodegradable\" \/>\n<meta property=\"og:locale\" content=\"fr_FR\" \/>\n<meta property=\"og:type\" content=\"article\" \/>\n<meta property=\"og:title\" content=\"Eponge Konjac 100% biod\u00e9gradable Les Minimalys\" \/>\n<meta property=\"og:description\" content=\"Eponge Konjac 100% biod\u00e9gradable\" \/>\n<meta property=\"og:url\" content=\"https:\/\/lesminimalys.fr\/?product=eponge-konjac-100-biodegradable\" \/>\n<meta property=\"og:site_name\" content=\"Les Minimalys\" \/>\n<meta property=\"article:publisher\" content=\"https:\/\/www.facebook.com\/lesminimalys\" \/>\n<meta property=\"article:modified_time\" content=\"2025-11-03T13:33:44+00:00\" \/>\n<meta property=\"og:image\" content=\"https:\/\/lesminimalys.fr\/wp-content\/uploads\/2022\/10\/eponge-konjac-e1665147739983.jpg\" \/>\n\t<meta property=\"og:image:width\" content=\"1672\" \/>\n\t<meta property=\"og:image:height\" content=\"1254\" \/>\n\t<meta property=\"og:image:type\" content=\"image\/jpeg\" \/>\n<meta name=\"twitter:card\" content=\"summary_large_image\" \/>\n<meta name=\"twitter:label1\" content=\"Dur\u00e9e de lecture estim\u00e9e\" \/>\n\t<meta name=\"twitter:data1\" content=\"1 minute\" \/>\n<script type=\"application\/ld+json\" class=\"yoast-schema-graph\">{\"@context\":\"https:\/\/schema.org\",\"@graph\":[{\"@type\":\"WebPage\",\"@id\":\"https:\/\/lesminimalys.fr\/?product=eponge-konjac-100-biodegradable\",\"url\":\"https:\/\/lesminimalys.fr\/?product=eponge-konjac-100-biodegradable\",\"name\":\"Eponge Konjac 100% biod\u00e9gradable Les Minimalys\",\"isPartOf\":{\"@id\":\"https:\/\/lesminimalys.fr\/#website\"},\"primaryImageOfPage\":{\"@id\":\"https:\/\/lesminimalys.fr\/?product=eponge-konjac-100-biodegradable#primaryimage\"},\"image\":{\"@id\":\"https:\/\/lesminimalys.fr\/?product=eponge-konjac-100-biodegradable#primaryimage\"},\"thumbnailUrl\":\"https:\/\/lesminimalys.fr\/wp-content\/uploads\/2022\/10\/eponge-konjac-e1665147739983.jpg\",\"datePublished\":\"2022-10-07T12:18:49+00:00\",\"dateModified\":\"2025-11-03T13:33:44+00:00\",\"description\":\"Eponge Konjac 100% biod\u00e9gradable\",\"breadcrumb\":{\"@id\":\"https:\/\/lesminimalys.fr\/?product=eponge-konjac-100-biodegradable#breadcrumb\"},\"inLanguage\":\"fr-FR\",\"potentialAction\":[{\"@type\":\"ReadAction\",\"target\":[\"https:\/\/lesminimalys.fr\/?product=eponge-konjac-100-biodegradable\"]}]},{\"@type\":\"ImageObject\",\"inLanguage\":\"fr-FR\",\"@id\":\"https:\/\/lesminimalys.fr\/?product=eponge-konjac-100-biodegradable#primaryimage\",\"url\":\"https:\/\/lesminimalys.fr\/wp-content\/uploads\/2022\/10\/eponge-konjac-e1665147739983.jpg\",\"contentUrl\":\"https:\/\/lesminimalys.fr\/wp-content\/uploads\/2022\/10\/eponge-konjac-e1665147739983.jpg\",\"width\":1672,\"height\":1254},{\"@type\":\"BreadcrumbList\",\"@id\":\"https:\/\/lesminimalys.fr\/?product=eponge-konjac-100-biodegradable#breadcrumb\",\"itemListElement\":[{\"@type\":\"ListItem\",\"position\":1,\"name\":\"Accueil\",\"item\":\"https:\/\/lesminimalys.fr\/\"},{\"@type\":\"ListItem\",\"position\":2,\"name\":\"Boutique\",\"item\":\"https:\/\/lesminimalys.fr\/?page_id=435\"},{\"@type\":\"ListItem\",\"position\":3,\"name\":\"Eponge Konjac 100% biod\u00e9gradable\"}]},{\"@type\":\"WebSite\",\"@id\":\"https:\/\/lesminimalys.fr\/#website\",\"url\":\"https:\/\/lesminimalys.fr\/\",\"name\":\"Les Minimalys\",\"description\":\"Savonnerie Artisanale\",\"publisher\":{\"@id\":\"https:\/\/lesminimalys.fr\/#organization\"},\"potentialAction\":[{\"@type\":\"SearchAction\",\"target\":{\"@type\":\"EntryPoint\",\"urlTemplate\":\"https:\/\/lesminimalys.fr\/?s={search_term_string}\"},\"query-input\":{\"@type\":\"PropertyValueSpecification\",\"valueRequired\":true,\"valueName\":\"search_term_string\"}}],\"inLanguage\":\"fr-FR\"},{\"@type\":\"Organization\",\"@id\":\"https:\/\/lesminimalys.fr\/#organization\",\"name\":\"Les Minimalys\",\"url\":\"https:\/\/lesminimalys.fr\/\",\"logo\":{\"@type\":\"ImageObject\",\"inLanguage\":\"fr-FR\",\"@id\":\"https:\/\/lesminimalys.fr\/#\/schema\/logo\/image\/\",\"url\":\"https:\/\/lesminimalys.fr\/wp-content\/uploads\/2021\/02\/cropped-cropped-cropped-cropped-logo-savonnerie-1.png\",\"contentUrl\":\"https:\/\/lesminimalys.fr\/wp-content\/uploads\/2021\/02\/cropped-cropped-cropped-cropped-logo-savonnerie-1.png\",\"width\":500,\"height\":148,\"caption\":\"Les Minimalys\"},\"image\":{\"@id\":\"https:\/\/lesminimalys.fr\/#\/schema\/logo\/image\/\"},\"sameAs\":[\"https:\/\/www.facebook.com\/lesminimalys\",\"https:\/\/www.instagram.com\/lesminimalys\/\"]}]}<\/script>\n<!-- \/ Yoast SEO plugin. -->","yoast_head_json":{"title":"Eponge Konjac 100% biod\u00e9gradable Les Minimalys","description":"Eponge Konjac 100% biod\u00e9gradable","robots":{"index":"index","follow":"follow","max-snippet":"max-snippet:-1","max-image-preview":"max-image-preview:large","max-video-preview":"max-video-preview:-1"},"canonical":"https:\/\/lesminimalys.fr\/?product=eponge-konjac-100-biodegradable","og_locale":"fr_FR","og_type":"article","og_title":"Eponge Konjac 100% biod\u00e9gradable Les Minimalys","og_description":"Eponge Konjac 100% biod\u00e9gradable","og_url":"https:\/\/lesminimalys.fr\/?product=eponge-konjac-100-biodegradable","og_site_name":"Les Minimalys","article_publisher":"https:\/\/www.facebook.com\/lesminimalys","article_modified_time":"2025-11-03T13:33:44+00:00","og_image":[{"width":1672,"height":1254,"url":"https:\/\/lesminimalys.fr\/wp-content\/uploads\/2022\/10\/eponge-konjac-e1665147739983.jpg","type":"image\/jpeg"}],"twitter_card":"summary_large_image","twitter_misc":{"Dur\u00e9e de lecture estim\u00e9e":"1 minute"},"schema":{"@context":"https:\/\/schema.org","@graph":[{"@type":"WebPage","@id":"https:\/\/lesminimalys.fr\/?product=eponge-konjac-100-biodegradable","url":"https:\/\/lesminimalys.fr\/?product=eponge-konjac-100-biodegradable","name":"Eponge Konjac 100% biod\u00e9gradable Les Minimalys","isPartOf":{"@id":"https:\/\/lesminimalys.fr\/#website"},"primaryImageOfPage":{"@id":"https:\/\/lesminimalys.fr\/?product=eponge-konjac-100-biodegradable#primaryimage"},"image":{"@id":"https:\/\/lesminimalys.fr\/?product=eponge-konjac-100-biodegradable#primaryimage"},"thumbnailUrl":"https:\/\/lesminimalys.fr\/wp-content\/uploads\/2022\/10\/eponge-konjac-e1665147739983.jpg","datePublished":"2022-10-07T12:18:49+00:00","dateModified":"2025-11-03T13:33:44+00:00","description":"Eponge Konjac 100% biod\u00e9gradable","breadcrumb":{"@id":"https:\/\/lesminimalys.fr\/?product=eponge-konjac-100-biodegradable#breadcrumb"},"inLanguage":"fr-FR","potentialAction":[{"@type":"ReadAction","target":["https:\/\/lesminimalys.fr\/?product=eponge-konjac-100-biodegradable"]}]},{"@type":"ImageObject","inLanguage":"fr-FR","@id":"https:\/\/lesminimalys.fr\/?product=eponge-konjac-100-biodegradable#primaryimage","url":"https:\/\/lesminimalys.fr\/wp-content\/uploads\/2022\/10\/eponge-konjac-e1665147739983.jpg","contentUrl":"https:\/\/lesminimalys.fr\/wp-content\/uploads\/2022\/10\/eponge-konjac-e1665147739983.jpg","width":1672,"height":1254},{"@type":"BreadcrumbList","@id":"https:\/\/lesminimalys.fr\/?product=eponge-konjac-100-biodegradable#breadcrumb","itemListElement":[{"@type":"ListItem","position":1,"name":"Accueil","item":"https:\/\/lesminimalys.fr\/"},{"@type":"ListItem","position":2,"name":"Boutique","item":"https:\/\/lesminimalys.fr\/?page_id=435"},{"@type":"ListItem","position":3,"name":"Eponge Konjac 100% biod\u00e9gradable"}]},{"@type":"WebSite","@id":"https:\/\/lesminimalys.fr\/#website","url":"https:\/\/lesminimalys.fr\/","name":"Les Minimalys","description":"Savonnerie Artisanale","publisher":{"@id":"https:\/\/lesminimalys.fr\/#organization"},"potentialAction":[{"@type":"SearchAction","target":{"@type":"EntryPoint","urlTemplate":"https:\/\/lesminimalys.fr\/?s={search_term_string}"},"query-input":{"@type":"PropertyValueSpecification","valueRequired":true,"valueName":"search_term_string"}}],"inLanguage":"fr-FR"},{"@type":"Organization","@id":"https:\/\/lesminimalys.fr\/#organization","name":"Les Minimalys","url":"https:\/\/lesminimalys.fr\/","logo":{"@type":"ImageObject","inLanguage":"fr-FR","@id":"https:\/\/lesminimalys.fr\/#\/schema\/logo\/image\/","url":"https:\/\/lesminimalys.fr\/wp-content\/uploads\/2021\/02\/cropped-cropped-cropped-cropped-logo-savonnerie-1.png","contentUrl":"https:\/\/lesminimalys.fr\/wp-content\/uploads\/2021\/02\/cropped-cropped-cropped-cropped-logo-savonnerie-1.png","width":500,"height":148,"caption":"Les Minimalys"},"image":{"@id":"https:\/\/lesminimalys.fr\/#\/schema\/logo\/image\/"},"sameAs":["https:\/\/www.facebook.com\/lesminimalys","https:\/\/www.instagram.com\/lesminimalys\/"]}]}},"jetpack_sharing_enabled":true,"_links":{"self":[{"href":"https:\/\/lesminimalys.fr\/index.php?rest_route=\/wp\/v2\/product\/2771","targetHints":{"allow":["GET"]}}],"collection":[{"href":"https:\/\/lesminimalys.fr\/index.php?rest_route=\/wp\/v2\/product"}],"about":[{"href":"https:\/\/lesminimalys.fr\/index.php?rest_route=\/wp\/v2\/types\/product"}],"wp:featuredmedia":[{"embeddable":true,"href":"https:\/\/lesminimalys.fr\/index.php?rest_route=\/wp\/v2\/media\/2776"}],"wp:attachment":[{"href":"https:\/\/lesminimalys.fr\/index.php?rest_route=%2Fwp%2Fv2%2Fmedia&parent=2771"}],"wp:term":[{"taxonomy":"product_brand","embeddable":true,"href":"https:\/\/lesminimalys.fr\/index.php?rest_route=%2Fwp%2Fv2%2Fproduct_brand&post=2771"},{"taxonomy":"product_cat","embeddable":true,"href":"https:\/\/lesminimalys.fr\/index.php?rest_route=%2Fwp%2Fv2%2Fproduct_cat&post=2771"},{"taxonomy":"product_tag","embeddable":true,"href":"https:\/\/lesminimalys.fr\/index.php?rest_route=%2Fwp%2Fv2%2Fproduct_tag&post=2771"}],"curies":[{"name":"wp","href":"https:\/\/api.w.org\/{rel}","templated":true}]}}