{"id":2623,"date":"2022-02-25T19:02:57","date_gmt":"2022-02-25T18:02:57","guid":{"rendered":"https:\/\/lesminimalys.fr\/?post_type=product&#038;p=2623"},"modified":"2025-09-08T22:02:37","modified_gmt":"2025-09-08T20:02:37","slug":"porte-savon-aimante","status":"publish","type":"product","link":"https:\/\/lesminimalys.fr\/?product=porte-savon-aimante","title":{"rendered":"Porte-savon aimant\u00e9 minimaliste"},"content":{"rendered":"<p>Ce\u00a0porte-savon aimant\u00e9\u00a0est l\u2019accessoire pr\u00e9f\u00e9r\u00e9 de vos savons solides !<\/p>\n<p>Pratique, durable et adaptable\u00a0par sa petite v<span class=\"truncated\">entouse discr\u00e8te, il vous aidera \u00e0 maximiser la dur\u00e9e de vie de vos savons et shampoings solides en les conservant au sec.<br \/>\nFabriqu\u00e9 en France, ce porte-savon minimaliste deviendra rapidement un accessoire incontournable dans votre salle de bain \u00e9cologique et z\u00e9ro-d\u00e9chet.\u00a0<\/span><\/p>\n<p><strong>Comment utiliser le porte-savon aimant\u00e9 ?<\/strong><\/p>\n<ul class=\"list-circle\">\n<li>Nettoyez en premier lieu, la zone o\u00f9 vous d\u00e9sirez placer la ventouse (mur, lavabo, douche, baignoire, fa\u00efence, etc.). Cette zone doit \u00eatre lisse, s\u00e8che et sans asp\u00e9rit\u00e9 afin que la petite ventouse adh\u00e8re au mieux.<\/li>\n<li>Ensuite, fixez tout simplement la ventouse \u00e0 la zone souhait\u00e9e.<\/li>\n<li>Apr\u00e8s cela,\u00a0enfoncez l\u2019insert m\u00e9tallique et magn\u00e9tique du porte-savon en plein milieu de votre savon\u00a0ou shampoing solide. Attention, si votre savon est tr\u00e8s sec, nous vous conseillons de le\u00a0mouiller un petit peu avant d\u2019incruster l\u2019insert, puis de le laisser tranquillement s\u00e9cher quelques heures avant de l\u2019utiliser pour la premi\u00e8re fois. Car oui, si le savon est trop sec, il risque de se briser au moment o\u00f9 vous mettrez l\u2019insert aimant\u00e9 dans le savon. De plus, si le savon est mouill\u00e9, il sera plus facile d\u2019y ins\u00e9rer la capsule,<\/li>\n<li>Et voil\u00e0 ! Il ne vous reste plus qu\u2019\u00e0\u00a0aimanter votre savon \u00e0 la ventouse. L\u2019installation de votre\u00a0porte-savon minimaliste\u00a0est termin\u00e9e !<\/li>\n<\/ul>\n<p><strong>Les 6 raisons qui nous ont fait choisir ce porte-savon magn\u00e9tique<\/strong><\/p>\n<div class=\"vc_separator wpb_content_element vc_separator_align_left vc_sep_width_100 vc_sep_pos_align_center vc_separator-has-text\">\n<ol>\n<li><strong>Durable<\/strong> : Ce porte-savon magn\u00e9tique n\u2019est pas un produit \u00e0 usage unique, vous pourrez l\u2019utiliser, sans aucun souci, pendant plusieurs ann\u00e9es.<\/li>\n<li><strong>Repositionnable<\/strong> : Plus besoin de faire des trous ou de mettre des points de colle dans vos murs, car gr\u00e2ce \u00e0 sa ventouse, vous pourrez repositionner ce porte-savon mural \u00e0 l\u2019infini.<\/li>\n<li><strong>Discret<\/strong> : Le porte-savon fera de l\u2019effet ! Gr\u00e2ce \u00e0 son design esth\u00e9tique et surtout minimaliste, vous aurez l\u2019impression que le savon l\u00e9vite. De quoi \u00e9pater vos amis lorsqu\u2019ils d\u00e9couvriront votre belle salle de bain.<\/li>\n<li><strong>Local<\/strong> : La ventouse est fabriqu\u00e9e dans le nord de la France et la capsule m\u00e9tallique dans le Maine-et-Loire. Ces composants sont donc fabriqu\u00e9s en France.<\/li>\n<li><strong>Pratique<\/strong> : Il conservera votre savon solide ou votre shampoing solide au sec, sous toutes ses faces.<\/li>\n<li><strong>Adaptable<\/strong> : Vous pourrez utiliser cet accessoire sur de nombreux savons et shampoings solides pouvant peser jusqu\u2019\u00e0 160 grammes,\u00a0 et ce dans la position de votre choix (horizontal ou vertical).<\/li>\n<\/ol>\n<div class=\"vc_separator wpb_content_element vc_separator_align_right vc_sep_width_100 vc_sep_pos_align_center vc_separator-has-text\">\n<p>&nbsp;<\/p>\n<\/div>\n<p>&nbsp;<\/p>\n<\/div>\n","protected":false},"excerpt":{"rendered":"<p style=\"text-align: center;\">Le porte-savon aimant\u00e9 est le meilleur alli\u00e9 de vos savons et cosm\u00e9tiques solides.<\/p>\n<p style=\"text-align: center;\">Gr\u00e2ce \u00e0 son aimant et sa ventouse, il vous permet de les faire s\u00e9cher sur toutes leurs faces pour maximiser leur dur\u00e9e de vie.<\/p>\n<p style=\"text-align: center;\">Des produits qui l\u00e9vitent sous la douche ? Il fallait y penser !<\/p>\n<p><img decoding=\"async\" class=\"alignnone wp-image-1140 aligncenter\" src=\"https:\/\/lesminimalys.fr\/wp-content\/uploads\/2021\/03\/Made-in-france-fabrication-francais.jpeg\" alt=\"\" width=\"83\" height=\"83\" srcset=\"https:\/\/lesminimalys.fr\/wp-content\/uploads\/2021\/03\/Made-in-france-fabrication-francais.jpeg 225w, https:\/\/lesminimalys.fr\/wp-content\/uploads\/2021\/03\/Made-in-france-fabrication-francais-100x100.jpeg 100w, https:\/\/lesminimalys.fr\/wp-content\/uploads\/2021\/03\/Made-in-france-fabrication-francais-150x150.jpeg 150w\" sizes=\"(max-width: 83px) 100vw, 83px\" \/><\/p>\n","protected":false},"featured_media":2680,"template":"","meta":{"_monsterinsights_skip_tracking":false,"_monsterinsights_sitenote_active":false,"_monsterinsights_sitenote_note":"","_monsterinsights_sitenote_category":0,"_glsr_average":0,"_glsr_ranking":0,"_glsr_reviews":0},"product_brand":[],"product_cat":[21],"product_tag":[],"class_list":{"0":"post-2623","1":"product","2":"type-product","3":"status-publish","4":"has-post-thumbnail","6":"product_cat-accessoires-zero-dechet","8":"entry","9":"has-media","11":"first","12":"instock","13":"taxable","14":"shipping-taxable","15":"purchasable","16":"product-type-simple","17":"has-product-nav","18":"col","19":"span_1_of_3","20":"owp-content-center","21":"owp-thumbs-layout-horizontal","22":"owp-btn-normal","23":"owp-tabs-layout-horizontal"},"yoast_head":"<!-- This site is optimized with the Yoast SEO plugin v26.8 - https:\/\/yoast.com\/product\/yoast-seo-wordpress\/ -->\n<title>Porte-savon aimant\u00e9 minimaliste - Les Minimalys<\/title>\n<meta name=\"description\" content=\"Notre porte-savon aimant\u00e9 minimaliste permet de maximiser la dur\u00e9e de vie de vos savons et autres cosm\u00e9tiques solides !\" \/>\n<meta name=\"robots\" content=\"index, follow, max-snippet:-1, max-image-preview:large, max-video-preview:-1\" \/>\n<link rel=\"canonical\" href=\"https:\/\/lesminimalys.fr\/?product=porte-savon-aimante\" \/>\n<meta property=\"og:locale\" content=\"fr_FR\" \/>\n<meta property=\"og:type\" content=\"article\" \/>\n<meta property=\"og:title\" content=\"Porte-savon aimant\u00e9 minimaliste - Les Minimalys\" \/>\n<meta property=\"og:description\" content=\"Notre porte-savon aimant\u00e9 minimaliste permet de maximiser la dur\u00e9e de vie de vos savons et autres cosm\u00e9tiques solides !\" \/>\n<meta property=\"og:url\" content=\"https:\/\/lesminimalys.fr\/?product=porte-savon-aimante\" \/>\n<meta property=\"og:site_name\" content=\"Les Minimalys\" \/>\n<meta property=\"article:publisher\" content=\"https:\/\/www.facebook.com\/lesminimalys\" \/>\n<meta property=\"article:modified_time\" content=\"2025-09-08T20:02:37+00:00\" \/>\n<meta property=\"og:image\" content=\"https:\/\/lesminimalys.fr\/wp-content\/uploads\/2022\/02\/DSC_0550-scaled-e1647614803458.jpg\" \/>\n\t<meta property=\"og:image:width\" content=\"1300\" \/>\n\t<meta property=\"og:image:height\" content=\"955\" \/>\n\t<meta property=\"og:image:type\" content=\"image\/jpeg\" \/>\n<meta name=\"twitter:card\" content=\"summary_large_image\" \/>\n<meta name=\"twitter:label1\" content=\"Dur\u00e9e de lecture estim\u00e9e\" \/>\n\t<meta name=\"twitter:data1\" content=\"2 minutes\" \/>\n<script type=\"application\/ld+json\" class=\"yoast-schema-graph\">{\"@context\":\"https:\/\/schema.org\",\"@graph\":[{\"@type\":\"WebPage\",\"@id\":\"https:\/\/lesminimalys.fr\/?product=porte-savon-aimante\",\"url\":\"https:\/\/lesminimalys.fr\/?product=porte-savon-aimante\",\"name\":\"Porte-savon aimant\u00e9 minimaliste - Les Minimalys\",\"isPartOf\":{\"@id\":\"https:\/\/lesminimalys.fr\/#website\"},\"primaryImageOfPage\":{\"@id\":\"https:\/\/lesminimalys.fr\/?product=porte-savon-aimante#primaryimage\"},\"image\":{\"@id\":\"https:\/\/lesminimalys.fr\/?product=porte-savon-aimante#primaryimage\"},\"thumbnailUrl\":\"https:\/\/lesminimalys.fr\/wp-content\/uploads\/2022\/02\/DSC_0550-scaled-e1647614803458.jpg\",\"datePublished\":\"2022-02-25T18:02:57+00:00\",\"dateModified\":\"2025-09-08T20:02:37+00:00\",\"description\":\"Notre porte-savon aimant\u00e9 minimaliste permet de maximiser la dur\u00e9e de vie de vos savons et autres cosm\u00e9tiques solides !\",\"breadcrumb\":{\"@id\":\"https:\/\/lesminimalys.fr\/?product=porte-savon-aimante#breadcrumb\"},\"inLanguage\":\"fr-FR\",\"potentialAction\":[{\"@type\":\"ReadAction\",\"target\":[\"https:\/\/lesminimalys.fr\/?product=porte-savon-aimante\"]}]},{\"@type\":\"ImageObject\",\"inLanguage\":\"fr-FR\",\"@id\":\"https:\/\/lesminimalys.fr\/?product=porte-savon-aimante#primaryimage\",\"url\":\"https:\/\/lesminimalys.fr\/wp-content\/uploads\/2022\/02\/DSC_0550-scaled-e1647614803458.jpg\",\"contentUrl\":\"https:\/\/lesminimalys.fr\/wp-content\/uploads\/2022\/02\/DSC_0550-scaled-e1647614803458.jpg\",\"width\":1300,\"height\":955,\"caption\":\"porte savon aimant\u00e9\"},{\"@type\":\"BreadcrumbList\",\"@id\":\"https:\/\/lesminimalys.fr\/?product=porte-savon-aimante#breadcrumb\",\"itemListElement\":[{\"@type\":\"ListItem\",\"position\":1,\"name\":\"Accueil\",\"item\":\"https:\/\/lesminimalys.fr\/\"},{\"@type\":\"ListItem\",\"position\":2,\"name\":\"Boutique\",\"item\":\"https:\/\/lesminimalys.fr\/?page_id=435\"},{\"@type\":\"ListItem\",\"position\":3,\"name\":\"Porte-savon aimant\u00e9 minimaliste\"}]},{\"@type\":\"WebSite\",\"@id\":\"https:\/\/lesminimalys.fr\/#website\",\"url\":\"https:\/\/lesminimalys.fr\/\",\"name\":\"Les Minimalys\",\"description\":\"Savonnerie Artisanale\",\"publisher\":{\"@id\":\"https:\/\/lesminimalys.fr\/#organization\"},\"potentialAction\":[{\"@type\":\"SearchAction\",\"target\":{\"@type\":\"EntryPoint\",\"urlTemplate\":\"https:\/\/lesminimalys.fr\/?s={search_term_string}\"},\"query-input\":{\"@type\":\"PropertyValueSpecification\",\"valueRequired\":true,\"valueName\":\"search_term_string\"}}],\"inLanguage\":\"fr-FR\"},{\"@type\":\"Organization\",\"@id\":\"https:\/\/lesminimalys.fr\/#organization\",\"name\":\"Les Minimalys\",\"url\":\"https:\/\/lesminimalys.fr\/\",\"logo\":{\"@type\":\"ImageObject\",\"inLanguage\":\"fr-FR\",\"@id\":\"https:\/\/lesminimalys.fr\/#\/schema\/logo\/image\/\",\"url\":\"https:\/\/lesminimalys.fr\/wp-content\/uploads\/2021\/02\/cropped-cropped-cropped-cropped-logo-savonnerie-1.png\",\"contentUrl\":\"https:\/\/lesminimalys.fr\/wp-content\/uploads\/2021\/02\/cropped-cropped-cropped-cropped-logo-savonnerie-1.png\",\"width\":500,\"height\":148,\"caption\":\"Les Minimalys\"},\"image\":{\"@id\":\"https:\/\/lesminimalys.fr\/#\/schema\/logo\/image\/\"},\"sameAs\":[\"https:\/\/www.facebook.com\/lesminimalys\",\"https:\/\/www.instagram.com\/lesminimalys\/\"]}]}<\/script>\n<!-- \/ Yoast SEO plugin. -->","yoast_head_json":{"title":"Porte-savon aimant\u00e9 minimaliste - Les Minimalys","description":"Notre porte-savon aimant\u00e9 minimaliste permet de maximiser la dur\u00e9e de vie de vos savons et autres cosm\u00e9tiques solides !","robots":{"index":"index","follow":"follow","max-snippet":"max-snippet:-1","max-image-preview":"max-image-preview:large","max-video-preview":"max-video-preview:-1"},"canonical":"https:\/\/lesminimalys.fr\/?product=porte-savon-aimante","og_locale":"fr_FR","og_type":"article","og_title":"Porte-savon aimant\u00e9 minimaliste - Les Minimalys","og_description":"Notre porte-savon aimant\u00e9 minimaliste permet de maximiser la dur\u00e9e de vie de vos savons et autres cosm\u00e9tiques solides !","og_url":"https:\/\/lesminimalys.fr\/?product=porte-savon-aimante","og_site_name":"Les Minimalys","article_publisher":"https:\/\/www.facebook.com\/lesminimalys","article_modified_time":"2025-09-08T20:02:37+00:00","og_image":[{"width":1300,"height":955,"url":"https:\/\/lesminimalys.fr\/wp-content\/uploads\/2022\/02\/DSC_0550-scaled-e1647614803458.jpg","type":"image\/jpeg"}],"twitter_card":"summary_large_image","twitter_misc":{"Dur\u00e9e de lecture estim\u00e9e":"2 minutes"},"schema":{"@context":"https:\/\/schema.org","@graph":[{"@type":"WebPage","@id":"https:\/\/lesminimalys.fr\/?product=porte-savon-aimante","url":"https:\/\/lesminimalys.fr\/?product=porte-savon-aimante","name":"Porte-savon aimant\u00e9 minimaliste - Les Minimalys","isPartOf":{"@id":"https:\/\/lesminimalys.fr\/#website"},"primaryImageOfPage":{"@id":"https:\/\/lesminimalys.fr\/?product=porte-savon-aimante#primaryimage"},"image":{"@id":"https:\/\/lesminimalys.fr\/?product=porte-savon-aimante#primaryimage"},"thumbnailUrl":"https:\/\/lesminimalys.fr\/wp-content\/uploads\/2022\/02\/DSC_0550-scaled-e1647614803458.jpg","datePublished":"2022-02-25T18:02:57+00:00","dateModified":"2025-09-08T20:02:37+00:00","description":"Notre porte-savon aimant\u00e9 minimaliste permet de maximiser la dur\u00e9e de vie de vos savons et autres cosm\u00e9tiques solides !","breadcrumb":{"@id":"https:\/\/lesminimalys.fr\/?product=porte-savon-aimante#breadcrumb"},"inLanguage":"fr-FR","potentialAction":[{"@type":"ReadAction","target":["https:\/\/lesminimalys.fr\/?product=porte-savon-aimante"]}]},{"@type":"ImageObject","inLanguage":"fr-FR","@id":"https:\/\/lesminimalys.fr\/?product=porte-savon-aimante#primaryimage","url":"https:\/\/lesminimalys.fr\/wp-content\/uploads\/2022\/02\/DSC_0550-scaled-e1647614803458.jpg","contentUrl":"https:\/\/lesminimalys.fr\/wp-content\/uploads\/2022\/02\/DSC_0550-scaled-e1647614803458.jpg","width":1300,"height":955,"caption":"porte savon aimant\u00e9"},{"@type":"BreadcrumbList","@id":"https:\/\/lesminimalys.fr\/?product=porte-savon-aimante#breadcrumb","itemListElement":[{"@type":"ListItem","position":1,"name":"Accueil","item":"https:\/\/lesminimalys.fr\/"},{"@type":"ListItem","position":2,"name":"Boutique","item":"https:\/\/lesminimalys.fr\/?page_id=435"},{"@type":"ListItem","position":3,"name":"Porte-savon aimant\u00e9 minimaliste"}]},{"@type":"WebSite","@id":"https:\/\/lesminimalys.fr\/#website","url":"https:\/\/lesminimalys.fr\/","name":"Les Minimalys","description":"Savonnerie Artisanale","publisher":{"@id":"https:\/\/lesminimalys.fr\/#organization"},"potentialAction":[{"@type":"SearchAction","target":{"@type":"EntryPoint","urlTemplate":"https:\/\/lesminimalys.fr\/?s={search_term_string}"},"query-input":{"@type":"PropertyValueSpecification","valueRequired":true,"valueName":"search_term_string"}}],"inLanguage":"fr-FR"},{"@type":"Organization","@id":"https:\/\/lesminimalys.fr\/#organization","name":"Les Minimalys","url":"https:\/\/lesminimalys.fr\/","logo":{"@type":"ImageObject","inLanguage":"fr-FR","@id":"https:\/\/lesminimalys.fr\/#\/schema\/logo\/image\/","url":"https:\/\/lesminimalys.fr\/wp-content\/uploads\/2021\/02\/cropped-cropped-cropped-cropped-logo-savonnerie-1.png","contentUrl":"https:\/\/lesminimalys.fr\/wp-content\/uploads\/2021\/02\/cropped-cropped-cropped-cropped-logo-savonnerie-1.png","width":500,"height":148,"caption":"Les Minimalys"},"image":{"@id":"https:\/\/lesminimalys.fr\/#\/schema\/logo\/image\/"},"sameAs":["https:\/\/www.facebook.com\/lesminimalys","https:\/\/www.instagram.com\/lesminimalys\/"]}]}},"jetpack_sharing_enabled":true,"_links":{"self":[{"href":"https:\/\/lesminimalys.fr\/index.php?rest_route=\/wp\/v2\/product\/2623","targetHints":{"allow":["GET"]}}],"collection":[{"href":"https:\/\/lesminimalys.fr\/index.php?rest_route=\/wp\/v2\/product"}],"about":[{"href":"https:\/\/lesminimalys.fr\/index.php?rest_route=\/wp\/v2\/types\/product"}],"wp:featuredmedia":[{"embeddable":true,"href":"https:\/\/lesminimalys.fr\/index.php?rest_route=\/wp\/v2\/media\/2680"}],"wp:attachment":[{"href":"https:\/\/lesminimalys.fr\/index.php?rest_route=%2Fwp%2Fv2%2Fmedia&parent=2623"}],"wp:term":[{"taxonomy":"product_brand","embeddable":true,"href":"https:\/\/lesminimalys.fr\/index.php?rest_route=%2Fwp%2Fv2%2Fproduct_brand&post=2623"},{"taxonomy":"product_cat","embeddable":true,"href":"https:\/\/lesminimalys.fr\/index.php?rest_route=%2Fwp%2Fv2%2Fproduct_cat&post=2623"},{"taxonomy":"product_tag","embeddable":true,"href":"https:\/\/lesminimalys.fr\/index.php?rest_route=%2Fwp%2Fv2%2Fproduct_tag&post=2623"}],"curies":[{"name":"wp","href":"https:\/\/api.w.org\/{rel}","templated":true}]}}