{"id":851,"date":"2021-03-04T13:12:44","date_gmt":"2021-03-04T12:12:44","guid":{"rendered":"https:\/\/lesminimalys.fr\/?page_id=851"},"modified":"2021-04-18T10:16:48","modified_gmt":"2021-04-18T08:16:48","slug":"paiement-securise","status":"publish","type":"page","link":"https:\/\/lesminimalys.fr\/?page_id=851","title":{"rendered":"Paiement s\u00e9curis\u00e9"},"content":{"rendered":"\t\t<div data-elementor-type=\"wp-page\" data-elementor-id=\"851\" class=\"elementor elementor-851\">\n\t\t\t\t\t\t<section class=\"elementor-section elementor-top-section elementor-element elementor-element-23ab18c elementor-section-boxed elementor-section-height-default elementor-section-height-default\" data-id=\"23ab18c\" data-element_type=\"section\" data-e-type=\"section\">\n\t\t\t\t\t\t<div class=\"elementor-container elementor-column-gap-default\">\n\t\t\t\t\t<div class=\"elementor-column elementor-col-100 elementor-top-column elementor-element elementor-element-12cacc5\" data-id=\"12cacc5\" data-element_type=\"column\" data-e-type=\"column\">\n\t\t\t<div class=\"elementor-widget-wrap elementor-element-populated\">\n\t\t\t\t\t\t<div class=\"elementor-element elementor-element-3f08721 elementor-widget elementor-widget-heading\" data-id=\"3f08721\" data-element_type=\"widget\" data-e-type=\"widget\" data-widget_type=\"heading.default\">\n\t\t\t\t<div class=\"elementor-widget-container\">\n\t\t\t\t\t<h2 class=\"elementor-heading-title elementor-size-default\">Paiement s\u00e9curis\u00e9<\/h2>\t\t\t\t<\/div>\n\t\t\t\t<\/div>\n\t\t\t\t<div class=\"elementor-element elementor-element-fa11714 elementor-widget elementor-widget-spacer\" data-id=\"fa11714\" data-element_type=\"widget\" data-e-type=\"widget\" data-widget_type=\"spacer.default\">\n\t\t\t\t<div class=\"elementor-widget-container\">\n\t\t\t\t\t\t\t<div class=\"elementor-spacer\">\n\t\t\t<div class=\"elementor-spacer-inner\"><\/div>\n\t\t<\/div>\n\t\t\t\t\t\t<\/div>\n\t\t\t\t<\/div>\n\t\t\t\t\t<\/div>\n\t\t<\/div>\n\t\t\t\t\t<\/div>\n\t\t<\/section>\n\t\t\t\t<section class=\"elementor-section elementor-top-section elementor-element elementor-element-f36a480 elementor-section-boxed elementor-section-height-default elementor-section-height-default\" data-id=\"f36a480\" data-element_type=\"section\" data-e-type=\"section\">\n\t\t\t\t\t\t<div class=\"elementor-container elementor-column-gap-default\">\n\t\t\t\t\t<div class=\"elementor-column elementor-col-100 elementor-top-column elementor-element elementor-element-5fd05ab\" data-id=\"5fd05ab\" data-element_type=\"column\" data-e-type=\"column\">\n\t\t\t<div class=\"elementor-widget-wrap elementor-element-populated\">\n\t\t\t\t\t\t<div class=\"elementor-element elementor-element-37d9bb3 elementor-widget elementor-widget-text-editor\" data-id=\"37d9bb3\" data-element_type=\"widget\" data-e-type=\"widget\" data-widget_type=\"text-editor.default\">\n\t\t\t\t<div class=\"elementor-widget-container\">\n\t\t\t\t\t\t\t\t\t<p>Les Minimalys est reli\u00e9 \u00e0 un syst\u00e8me de paiement s\u00e9curis\u00e9 de r\u00e9f\u00e9rence : Stripe.<\/p><p>Ce syst\u00e8me de paiement s\u00e9curis\u00e9 par carte bancaire fait l&rsquo;objet d&rsquo;un syst\u00e8me de s\u00e9curisation type SSL \u00e9prouv\u00e9.<\/p><p>Nous avons adopt\u00e9 le proc\u00e9d\u00e9 de cryptage qui est la r\u00e9f\u00e9rence actuelle dans le cryptage des donn\u00e9es sur Internet. Toutes les donn\u00e9es sensibles li\u00e9es aux moyens de paiement sont ainsi prot\u00e9g\u00e9es.\u00a0<\/p><p>Nous acceptons seulement l&rsquo;euro (\u20ac).<\/p>\t\t\t\t\t\t\t\t<\/div>\n\t\t\t\t<\/div>\n\t\t\t\t\t<\/div>\n\t\t<\/div>\n\t\t\t\t\t<\/div>\n\t\t<\/section>\n\t\t\t\t<section class=\"elementor-section elementor-top-section elementor-element elementor-element-1f6446c elementor-section-boxed elementor-section-height-default elementor-section-height-default\" data-id=\"1f6446c\" data-element_type=\"section\" data-e-type=\"section\">\n\t\t\t\t\t\t<div class=\"elementor-container elementor-column-gap-default\">\n\t\t\t\t\t<div class=\"elementor-column elementor-col-100 elementor-top-column elementor-element elementor-element-ca01d6b\" data-id=\"ca01d6b\" data-element_type=\"column\" data-e-type=\"column\">\n\t\t\t<div class=\"elementor-widget-wrap elementor-element-populated\">\n\t\t\t\t\t\t<div class=\"elementor-element elementor-element-365c47c elementor-widget elementor-widget-spacer\" data-id=\"365c47c\" data-element_type=\"widget\" data-e-type=\"widget\" data-widget_type=\"spacer.default\">\n\t\t\t\t<div class=\"elementor-widget-container\">\n\t\t\t\t\t\t\t<div class=\"elementor-spacer\">\n\t\t\t<div class=\"elementor-spacer-inner\"><\/div>\n\t\t<\/div>\n\t\t\t\t\t\t<\/div>\n\t\t\t\t<\/div>\n\t\t\t\t\t<\/div>\n\t\t<\/div>\n\t\t\t\t\t<\/div>\n\t\t<\/section>\n\t\t\t\t<\/div>\n\t\t","protected":false},"excerpt":{"rendered":"<p>Paiement s\u00e9curis\u00e9 Les Minimalys est reli\u00e9 \u00e0 un syst\u00e8me de paiement s\u00e9curis\u00e9 de r\u00e9f\u00e9rence : Stripe. Ce syst\u00e8me de paiement s\u00e9curis\u00e9 par carte bancaire fait l&rsquo;objet d&rsquo;un syst\u00e8me de s\u00e9curisation type SSL \u00e9prouv\u00e9. Nous avons adopt\u00e9 le proc\u00e9d\u00e9 de cryptage qui est la r\u00e9f\u00e9rence actuelle dans le cryptage des donn\u00e9es sur Internet. Toutes les donn\u00e9es [&hellip;]<\/p>\n","protected":false},"author":1,"featured_media":0,"parent":0,"menu_order":0,"comment_status":"closed","ping_status":"closed","template":"","meta":{"_monsterinsights_skip_tracking":false,"_monsterinsights_sitenote_active":false,"_monsterinsights_sitenote_note":"","_monsterinsights_sitenote_category":0,"_glsr_average":0,"_glsr_ranking":0,"_glsr_reviews":0,"footnotes":""},"class_list":["post-851","page","type-page","status-publish","hentry","entry","owp-thumbs-layout-horizontal","owp-btn-normal","owp-tabs-layout-horizontal","has-no-thumbnails","has-product-nav"],"yoast_head":"<!-- This site is optimized with the Yoast SEO plugin v26.8 - https:\/\/yoast.com\/product\/yoast-seo-wordpress\/ -->\n<title>Paiement s\u00e9curis\u00e9 Les Minimalys<\/title>\n<meta name=\"robots\" content=\"index, follow, max-snippet:-1, max-image-preview:large, max-video-preview:-1\" \/>\n<link rel=\"canonical\" href=\"https:\/\/lesminimalys.fr\/?page_id=851\" \/>\n<meta property=\"og:locale\" content=\"fr_FR\" \/>\n<meta property=\"og:type\" content=\"article\" \/>\n<meta property=\"og:title\" content=\"Paiement s\u00e9curis\u00e9 Les Minimalys\" \/>\n<meta property=\"og:description\" content=\"Paiement s\u00e9curis\u00e9 Les Minimalys est reli\u00e9 \u00e0 un syst\u00e8me de paiement s\u00e9curis\u00e9 de r\u00e9f\u00e9rence : Stripe. Ce syst\u00e8me de paiement s\u00e9curis\u00e9 par carte bancaire fait l&rsquo;objet d&rsquo;un syst\u00e8me de s\u00e9curisation type SSL \u00e9prouv\u00e9. Nous avons adopt\u00e9 le proc\u00e9d\u00e9 de cryptage qui est la r\u00e9f\u00e9rence actuelle dans le cryptage des donn\u00e9es sur Internet. Toutes les donn\u00e9es [&hellip;]\" \/>\n<meta property=\"og:url\" content=\"https:\/\/lesminimalys.fr\/?page_id=851\" \/>\n<meta property=\"og:site_name\" content=\"Les Minimalys\" \/>\n<meta property=\"article:publisher\" content=\"https:\/\/www.facebook.com\/lesminimalys\" \/>\n<meta property=\"article:modified_time\" content=\"2021-04-18T08:16:48+00:00\" \/>\n<meta name=\"twitter:card\" content=\"summary_large_image\" \/>\n<script type=\"application\/ld+json\" class=\"yoast-schema-graph\">{\"@context\":\"https:\/\/schema.org\",\"@graph\":[{\"@type\":\"WebPage\",\"@id\":\"https:\/\/lesminimalys.fr\/?page_id=851\",\"url\":\"https:\/\/lesminimalys.fr\/?page_id=851\",\"name\":\"Paiement s\u00e9curis\u00e9 Les Minimalys\",\"isPartOf\":{\"@id\":\"https:\/\/lesminimalys.fr\/#website\"},\"datePublished\":\"2021-03-04T12:12:44+00:00\",\"dateModified\":\"2021-04-18T08:16:48+00:00\",\"breadcrumb\":{\"@id\":\"https:\/\/lesminimalys.fr\/?page_id=851#breadcrumb\"},\"inLanguage\":\"fr-FR\",\"potentialAction\":[{\"@type\":\"ReadAction\",\"target\":[\"https:\/\/lesminimalys.fr\/?page_id=851\"]}]},{\"@type\":\"BreadcrumbList\",\"@id\":\"https:\/\/lesminimalys.fr\/?page_id=851#breadcrumb\",\"itemListElement\":[{\"@type\":\"ListItem\",\"position\":1,\"name\":\"Accueil\",\"item\":\"https:\/\/lesminimalys.fr\/\"},{\"@type\":\"ListItem\",\"position\":2,\"name\":\"Paiement s\u00e9curis\u00e9\"}]},{\"@type\":\"WebSite\",\"@id\":\"https:\/\/lesminimalys.fr\/#website\",\"url\":\"https:\/\/lesminimalys.fr\/\",\"name\":\"Les Minimalys\",\"description\":\"Savonnerie Artisanale\",\"publisher\":{\"@id\":\"https:\/\/lesminimalys.fr\/#organization\"},\"potentialAction\":[{\"@type\":\"SearchAction\",\"target\":{\"@type\":\"EntryPoint\",\"urlTemplate\":\"https:\/\/lesminimalys.fr\/?s={search_term_string}\"},\"query-input\":{\"@type\":\"PropertyValueSpecification\",\"valueRequired\":true,\"valueName\":\"search_term_string\"}}],\"inLanguage\":\"fr-FR\"},{\"@type\":\"Organization\",\"@id\":\"https:\/\/lesminimalys.fr\/#organization\",\"name\":\"Les Minimalys\",\"url\":\"https:\/\/lesminimalys.fr\/\",\"logo\":{\"@type\":\"ImageObject\",\"inLanguage\":\"fr-FR\",\"@id\":\"https:\/\/lesminimalys.fr\/#\/schema\/logo\/image\/\",\"url\":\"https:\/\/lesminimalys.fr\/wp-content\/uploads\/2021\/02\/cropped-cropped-cropped-cropped-logo-savonnerie-1.png\",\"contentUrl\":\"https:\/\/lesminimalys.fr\/wp-content\/uploads\/2021\/02\/cropped-cropped-cropped-cropped-logo-savonnerie-1.png\",\"width\":500,\"height\":148,\"caption\":\"Les Minimalys\"},\"image\":{\"@id\":\"https:\/\/lesminimalys.fr\/#\/schema\/logo\/image\/\"},\"sameAs\":[\"https:\/\/www.facebook.com\/lesminimalys\",\"https:\/\/www.instagram.com\/lesminimalys\/\"]}]}<\/script>\n<!-- \/ Yoast SEO plugin. -->","yoast_head_json":{"title":"Paiement s\u00e9curis\u00e9 Les Minimalys","robots":{"index":"index","follow":"follow","max-snippet":"max-snippet:-1","max-image-preview":"max-image-preview:large","max-video-preview":"max-video-preview:-1"},"canonical":"https:\/\/lesminimalys.fr\/?page_id=851","og_locale":"fr_FR","og_type":"article","og_title":"Paiement s\u00e9curis\u00e9 Les Minimalys","og_description":"Paiement s\u00e9curis\u00e9 Les Minimalys est reli\u00e9 \u00e0 un syst\u00e8me de paiement s\u00e9curis\u00e9 de r\u00e9f\u00e9rence : Stripe. Ce syst\u00e8me de paiement s\u00e9curis\u00e9 par carte bancaire fait l&rsquo;objet d&rsquo;un syst\u00e8me de s\u00e9curisation type SSL \u00e9prouv\u00e9. Nous avons adopt\u00e9 le proc\u00e9d\u00e9 de cryptage qui est la r\u00e9f\u00e9rence actuelle dans le cryptage des donn\u00e9es sur Internet. Toutes les donn\u00e9es [&hellip;]","og_url":"https:\/\/lesminimalys.fr\/?page_id=851","og_site_name":"Les Minimalys","article_publisher":"https:\/\/www.facebook.com\/lesminimalys","article_modified_time":"2021-04-18T08:16:48+00:00","twitter_card":"summary_large_image","schema":{"@context":"https:\/\/schema.org","@graph":[{"@type":"WebPage","@id":"https:\/\/lesminimalys.fr\/?page_id=851","url":"https:\/\/lesminimalys.fr\/?page_id=851","name":"Paiement s\u00e9curis\u00e9 Les Minimalys","isPartOf":{"@id":"https:\/\/lesminimalys.fr\/#website"},"datePublished":"2021-03-04T12:12:44+00:00","dateModified":"2021-04-18T08:16:48+00:00","breadcrumb":{"@id":"https:\/\/lesminimalys.fr\/?page_id=851#breadcrumb"},"inLanguage":"fr-FR","potentialAction":[{"@type":"ReadAction","target":["https:\/\/lesminimalys.fr\/?page_id=851"]}]},{"@type":"BreadcrumbList","@id":"https:\/\/lesminimalys.fr\/?page_id=851#breadcrumb","itemListElement":[{"@type":"ListItem","position":1,"name":"Accueil","item":"https:\/\/lesminimalys.fr\/"},{"@type":"ListItem","position":2,"name":"Paiement s\u00e9curis\u00e9"}]},{"@type":"WebSite","@id":"https:\/\/lesminimalys.fr\/#website","url":"https:\/\/lesminimalys.fr\/","name":"Les Minimalys","description":"Savonnerie Artisanale","publisher":{"@id":"https:\/\/lesminimalys.fr\/#organization"},"potentialAction":[{"@type":"SearchAction","target":{"@type":"EntryPoint","urlTemplate":"https:\/\/lesminimalys.fr\/?s={search_term_string}"},"query-input":{"@type":"PropertyValueSpecification","valueRequired":true,"valueName":"search_term_string"}}],"inLanguage":"fr-FR"},{"@type":"Organization","@id":"https:\/\/lesminimalys.fr\/#organization","name":"Les Minimalys","url":"https:\/\/lesminimalys.fr\/","logo":{"@type":"ImageObject","inLanguage":"fr-FR","@id":"https:\/\/lesminimalys.fr\/#\/schema\/logo\/image\/","url":"https:\/\/lesminimalys.fr\/wp-content\/uploads\/2021\/02\/cropped-cropped-cropped-cropped-logo-savonnerie-1.png","contentUrl":"https:\/\/lesminimalys.fr\/wp-content\/uploads\/2021\/02\/cropped-cropped-cropped-cropped-logo-savonnerie-1.png","width":500,"height":148,"caption":"Les Minimalys"},"image":{"@id":"https:\/\/lesminimalys.fr\/#\/schema\/logo\/image\/"},"sameAs":["https:\/\/www.facebook.com\/lesminimalys","https:\/\/www.instagram.com\/lesminimalys\/"]}]}},"jetpack_sharing_enabled":true,"_links":{"self":[{"href":"https:\/\/lesminimalys.fr\/index.php?rest_route=\/wp\/v2\/pages\/851","targetHints":{"allow":["GET"]}}],"collection":[{"href":"https:\/\/lesminimalys.fr\/index.php?rest_route=\/wp\/v2\/pages"}],"about":[{"href":"https:\/\/lesminimalys.fr\/index.php?rest_route=\/wp\/v2\/types\/page"}],"author":[{"embeddable":true,"href":"https:\/\/lesminimalys.fr\/index.php?rest_route=\/wp\/v2\/users\/1"}],"replies":[{"embeddable":true,"href":"https:\/\/lesminimalys.fr\/index.php?rest_route=%2Fwp%2Fv2%2Fcomments&post=851"}],"version-history":[{"count":19,"href":"https:\/\/lesminimalys.fr\/index.php?rest_route=\/wp\/v2\/pages\/851\/revisions"}],"predecessor-version":[{"id":2173,"href":"https:\/\/lesminimalys.fr\/index.php?rest_route=\/wp\/v2\/pages\/851\/revisions\/2173"}],"wp:attachment":[{"href":"https:\/\/lesminimalys.fr\/index.php?rest_route=%2Fwp%2Fv2%2Fmedia&parent=851"}],"curies":[{"name":"wp","href":"https:\/\/api.w.org\/{rel}","templated":true}]}}