{"id":1011,"date":"2021-03-07T17:13:50","date_gmt":"2021-03-07T16:13:50","guid":{"rendered":"https:\/\/lesminimalys.fr\/?page_id=1011"},"modified":"2021-04-18T10:22:13","modified_gmt":"2021-04-18T08:22:13","slug":"carte-cadeau","status":"publish","type":"page","link":"https:\/\/lesminimalys.fr\/?page_id=1011","title":{"rendered":"Carte cadeau"},"content":{"rendered":"\t\t<div data-elementor-type=\"wp-page\" data-elementor-id=\"1011\" class=\"elementor elementor-1011\">\n\t\t\t\t\t\t<section class=\"elementor-section elementor-top-section elementor-element elementor-element-f8277aa elementor-section-boxed elementor-section-height-default elementor-section-height-default\" data-id=\"f8277aa\" data-element_type=\"section\" data-e-type=\"section\">\n\t\t\t\t\t\t<div class=\"elementor-container elementor-column-gap-default\">\n\t\t\t\t\t<div class=\"elementor-column elementor-col-100 elementor-top-column elementor-element elementor-element-ca18437\" data-id=\"ca18437\" data-element_type=\"column\" data-e-type=\"column\">\n\t\t\t<div class=\"elementor-widget-wrap elementor-element-populated\">\n\t\t\t\t\t\t<div class=\"elementor-element elementor-element-20870ec elementor-widget elementor-widget-text-editor\" data-id=\"20870ec\" data-element_type=\"widget\" data-e-type=\"widget\" data-widget_type=\"text-editor.default\">\n\t\t\t\t<div class=\"elementor-widget-container\">\n\t\t\t\t\t\t\t\t\t<p>Il n\u2019est pas toujours facile de choisir un cadeau pour quelqu\u2019un.\u00a0<span style=\"font-size: 16px;\">Si vous avez un doute sur le choix du bon produit, la\u00a0<\/span><strong style=\"font-size: 16px;\">carte cadeau<\/strong><span style=\"font-size: 16px;\">\u00a0fera toujours plaisir \u00e0 celui ou celle qui la re\u00e7oit.<\/span><\/p><p><span style=\"font-size: 16px;\">La carte cadeau est id\u00e9ale pour faire plaisir \u00e0 vos proches, parents, amis et coll\u00e8gues mais aussi pour remercier la ma\u00eetresse, l&rsquo;assistante maternelle et toutes les personnes dont vous ne connaissez pas les go\u00fbts.<\/span><\/p>\t\t\t\t\t\t\t\t<\/div>\n\t\t\t\t<\/div>\n\t\t\t\t\t<\/div>\n\t\t<\/div>\n\t\t\t\t\t<\/div>\n\t\t<\/section>\n\t\t\t\t<section class=\"elementor-section elementor-top-section elementor-element elementor-element-586ad99 elementor-section-boxed elementor-section-height-default elementor-section-height-default\" data-id=\"586ad99\" data-element_type=\"section\" data-e-type=\"section\">\n\t\t\t\t\t\t<div class=\"elementor-container elementor-column-gap-default\">\n\t\t\t\t\t<div class=\"elementor-column elementor-col-50 elementor-top-column elementor-element elementor-element-0583d40\" data-id=\"0583d40\" data-element_type=\"column\" data-e-type=\"column\">\n\t\t\t<div class=\"elementor-widget-wrap elementor-element-populated\">\n\t\t\t\t\t\t<div class=\"elementor-element elementor-element-3ed9d05 elementor-widget elementor-widget-image\" data-id=\"3ed9d05\" data-element_type=\"widget\" data-e-type=\"widget\" data-widget_type=\"image.default\">\n\t\t\t\t<div class=\"elementor-widget-container\">\n\t\t\t\t\t\t\t\t\t\t\t\t\t\t\t<img fetchpriority=\"high\" decoding=\"async\" width=\"1024\" height=\"727\" src=\"https:\/\/lesminimalys.fr\/wp-content\/uploads\/2021\/03\/Green-Yellow-and-Pink-Sophisticated-Business-Spa-Christmas-Gift-Certificate.png\" class=\"attachment-large size-large wp-image-1013\" alt=\"\" srcset=\"https:\/\/lesminimalys.fr\/wp-content\/uploads\/2021\/03\/Green-Yellow-and-Pink-Sophisticated-Business-Spa-Christmas-Gift-Certificate.png 1747w, https:\/\/lesminimalys.fr\/wp-content\/uploads\/2021\/03\/Green-Yellow-and-Pink-Sophisticated-Business-Spa-Christmas-Gift-Certificate-300x213.png 300w\" sizes=\"(max-width: 1024px) 100vw, 1024px\" \/>\t\t\t\t\t\t\t\t\t\t\t\t\t\t\t<\/div>\n\t\t\t\t<\/div>\n\t\t\t\t\t<\/div>\n\t\t<\/div>\n\t\t\t\t<div class=\"elementor-column elementor-col-50 elementor-top-column elementor-element elementor-element-d362871\" data-id=\"d362871\" data-element_type=\"column\" data-e-type=\"column\">\n\t\t\t<div class=\"elementor-widget-wrap elementor-element-populated\">\n\t\t\t\t\t\t<div class=\"elementor-element elementor-element-95e64c8 elementor-widget elementor-widget-text-editor\" data-id=\"95e64c8\" data-element_type=\"widget\" data-e-type=\"widget\" data-widget_type=\"text-editor.default\">\n\t\t\t\t<div class=\"elementor-widget-container\">\n\t\t\t\t\t\t\t\t\t<p>Faites plaisir \u00e0 vos proches en leur offrant la carte cadeau \u00ab\u00a0Les Minimalys\u00a0\u00bb.<\/p>\n<ul>\n<li>Envoi gratuit par courrier de la carte cadeau.<\/li>\n<li>Carte disponible en plusieurs montants 10\u20ac,20\u20ac,30\u20ac,40\u20ac et 50\u20ac.<\/li>\n<li>Choix parmi tous les produits de la boutique et les accessoires.<\/li>\n<li>Valable 12 mois sur votre commande hors frais de port.<\/li>\n<li>Non \u00e9changeable en esp\u00e8ces.<\/li>\n<\/ul>\t\t\t\t\t\t\t\t<\/div>\n\t\t\t\t<\/div>\n\t\t\t\t\t<\/div>\n\t\t<\/div>\n\t\t\t\t\t<\/div>\n\t\t<\/section>\n\t\t\t\t<section class=\"elementor-section elementor-top-section elementor-element elementor-element-bc702ed elementor-section-boxed elementor-section-height-default elementor-section-height-default\" data-id=\"bc702ed\" data-element_type=\"section\" data-e-type=\"section\">\n\t\t\t\t\t\t<div class=\"elementor-container elementor-column-gap-default\">\n\t\t\t\t\t<div class=\"elementor-column elementor-col-100 elementor-top-column elementor-element elementor-element-9ed39c7\" data-id=\"9ed39c7\" data-element_type=\"column\" data-e-type=\"column\">\n\t\t\t<div class=\"elementor-widget-wrap elementor-element-populated\">\n\t\t\t\t\t\t<div class=\"elementor-element elementor-element-346d03f elementor-widget elementor-widget-spacer\" data-id=\"346d03f\" data-element_type=\"widget\" data-e-type=\"widget\" data-widget_type=\"spacer.default\">\n\t\t\t\t<div class=\"elementor-widget-container\">\n\t\t\t\t\t\t\t<div class=\"elementor-spacer\">\n\t\t\t<div class=\"elementor-spacer-inner\"><\/div>\n\t\t<\/div>\n\t\t\t\t\t\t<\/div>\n\t\t\t\t<\/div>\n\t\t\t\t<div class=\"elementor-element elementor-element-23fc820 elementor-widget elementor-widget-heading\" data-id=\"23fc820\" data-element_type=\"widget\" data-e-type=\"widget\" data-widget_type=\"heading.default\">\n\t\t\t\t<div class=\"elementor-widget-container\">\n\t\t\t\t\t<h2 class=\"elementor-heading-title elementor-size-default\">Comment ca marche? <\/h2>\t\t\t\t<\/div>\n\t\t\t\t<\/div>\n\t\t\t\t<div class=\"elementor-element elementor-element-39e7420 elementor-widget elementor-widget-text-editor\" data-id=\"39e7420\" data-element_type=\"widget\" data-e-type=\"widget\" data-widget_type=\"text-editor.default\">\n\t\t\t\t<div class=\"elementor-widget-container\">\n\t\t\t\t\t\t\t\t\t<p>Pour utiliser la carte cadeau, le b\u00e9n\u00e9ficiaire saisit simplement le code privil\u00e8ge inscrit sur la carte cadeau lors de la validation de son panier sur le site dans le champ \u00ab\u202f<em>code privil\u00e8ge<\/em>\u202f\u00bb.<\/p>\n<p>Le montant de la Carte Cadeau s\u2019applique sur les produits choisis.<\/p>\n<p>Pour vous c\u2019est plus de simplicit\u00e9, pour la personne qui re\u00e7oit la carte cadeau c\u2019est la possibilit\u00e9 de&nbsp;faire son choix parmi une belle gamme de savons, shampoings, produits d&rsquo;entretien et accessoires naturels et haut de gamme.<\/p>\n<p>Vous recevez une magnifique carte imprim\u00e9e. Vous pouvez \u00e9crire un message au verso de la carte et personnaliser ainsi votre cadeau.&nbsp;&nbsp;<\/p>\n<p>L&rsquo;envoi de votre carte cadeau est gratuit, elle est exp\u00e9di\u00e9e en lettre prioritaire sous 48h. Dans le cas d&rsquo;un besoin urgent, votre carte cadeau peut \u00eatre envoy\u00e9e par e-mail (jours ouvr\u00e9s) sur simple demande en nous contactant via la page contact.<\/p>\n<p><\/p>\t\t\t\t\t\t\t\t<\/div>\n\t\t\t\t<\/div>\n\t\t\t\t<div class=\"elementor-element elementor-element-0344108 elementor-widget elementor-widget-spacer\" data-id=\"0344108\" data-element_type=\"widget\" data-e-type=\"widget\" data-widget_type=\"spacer.default\">\n\t\t\t\t<div class=\"elementor-widget-container\">\n\t\t\t\t\t\t\t<div class=\"elementor-spacer\">\n\t\t\t<div class=\"elementor-spacer-inner\"><\/div>\n\t\t<\/div>\n\t\t\t\t\t\t<\/div>\n\t\t\t\t<\/div>\n\t\t\t\t\t<\/div>\n\t\t<\/div>\n\t\t\t\t\t<\/div>\n\t\t<\/section>\n\t\t\t\t<section class=\"elementor-section elementor-top-section elementor-element elementor-element-5651588 elementor-section-boxed elementor-section-height-default elementor-section-height-default\" data-id=\"5651588\" data-element_type=\"section\" data-e-type=\"section\">\n\t\t\t\t\t\t<div class=\"elementor-container elementor-column-gap-default\">\n\t\t\t\t\t<div class=\"elementor-column elementor-col-25 elementor-top-column elementor-element elementor-element-69dae8c\" data-id=\"69dae8c\" data-element_type=\"column\" data-e-type=\"column\">\n\t\t\t<div class=\"elementor-widget-wrap elementor-element-populated\">\n\t\t\t\t\t\t<div class=\"elementor-element elementor-element-830f1fa elementor-widget elementor-widget-heading\" data-id=\"830f1fa\" data-element_type=\"widget\" data-e-type=\"widget\" data-widget_type=\"heading.default\">\n\t\t\t\t<div class=\"elementor-widget-container\">\n\t\t\t\t\t<h2 class=\"elementor-heading-title elementor-size-default\">EXPEDITION DE VOTRE <br>COLIS SOUS 2 JOURS<\/h2>\t\t\t\t<\/div>\n\t\t\t\t<\/div>\n\t\t\t\t<div class=\"elementor-element elementor-element-fe85133 elementor-view-framed elementor-shape-circle elementor-widget elementor-widget-icon\" data-id=\"fe85133\" data-element_type=\"widget\" data-e-type=\"widget\" data-widget_type=\"icon.default\">\n\t\t\t\t<div class=\"elementor-widget-container\">\n\t\t\t\t\t\t\t<div class=\"elementor-icon-wrapper\">\n\t\t\t<div class=\"elementor-icon\">\n\t\t\t<i aria-hidden=\"true\" class=\"far fa-hourglass\"><\/i>\t\t\t<\/div>\n\t\t<\/div>\n\t\t\t\t\t\t<\/div>\n\t\t\t\t<\/div>\n\t\t\t\t\t<\/div>\n\t\t<\/div>\n\t\t\t\t<div class=\"elementor-column elementor-col-25 elementor-top-column elementor-element elementor-element-e7fe8db\" data-id=\"e7fe8db\" data-element_type=\"column\" data-e-type=\"column\">\n\t\t\t<div class=\"elementor-widget-wrap elementor-element-populated\">\n\t\t\t\t\t\t<div class=\"elementor-element elementor-element-6f3eb45 elementor-widget elementor-widget-heading\" data-id=\"6f3eb45\" data-element_type=\"widget\" data-e-type=\"widget\" data-widget_type=\"heading.default\">\n\t\t\t\t<div class=\"elementor-widget-container\">\n\t\t\t\t\t<h2 class=\"elementor-heading-title elementor-size-default\">LIVRAISON GRATUITE\n<br>DES 49\u20ac<\/h2>\t\t\t\t<\/div>\n\t\t\t\t<\/div>\n\t\t\t\t<div class=\"elementor-element elementor-element-075c91d elementor-view-framed elementor-shape-circle elementor-widget elementor-widget-icon\" data-id=\"075c91d\" data-element_type=\"widget\" data-e-type=\"widget\" data-widget_type=\"icon.default\">\n\t\t\t\t<div class=\"elementor-widget-container\">\n\t\t\t\t\t\t\t<div class=\"elementor-icon-wrapper\">\n\t\t\t<div class=\"elementor-icon\">\n\t\t\t<i aria-hidden=\"true\" class=\"fas fa-box-open\"><\/i>\t\t\t<\/div>\n\t\t<\/div>\n\t\t\t\t\t\t<\/div>\n\t\t\t\t<\/div>\n\t\t\t\t\t<\/div>\n\t\t<\/div>\n\t\t\t\t<div class=\"elementor-column elementor-col-25 elementor-top-column elementor-element elementor-element-04e27d1\" data-id=\"04e27d1\" data-element_type=\"column\" data-e-type=\"column\">\n\t\t\t<div class=\"elementor-widget-wrap elementor-element-populated\">\n\t\t\t\t\t\t<div class=\"elementor-element elementor-element-70d18d2 elementor-widget elementor-widget-heading\" data-id=\"70d18d2\" data-element_type=\"widget\" data-e-type=\"widget\" data-widget_type=\"heading.default\">\n\t\t\t\t<div class=\"elementor-widget-container\">\n\t\t\t\t\t<h2 class=\"elementor-heading-title elementor-size-default\">PAIEMENT<br> SECURISE<\/h2>\t\t\t\t<\/div>\n\t\t\t\t<\/div>\n\t\t\t\t<div class=\"elementor-element elementor-element-5707360 elementor-view-framed elementor-shape-circle elementor-widget elementor-widget-icon\" data-id=\"5707360\" data-element_type=\"widget\" data-e-type=\"widget\" data-widget_type=\"icon.default\">\n\t\t\t\t<div class=\"elementor-widget-container\">\n\t\t\t\t\t\t\t<div class=\"elementor-icon-wrapper\">\n\t\t\t<div class=\"elementor-icon\">\n\t\t\t<i aria-hidden=\"true\" class=\"far fa-credit-card\"><\/i>\t\t\t<\/div>\n\t\t<\/div>\n\t\t\t\t\t\t<\/div>\n\t\t\t\t<\/div>\n\t\t\t\t\t<\/div>\n\t\t<\/div>\n\t\t\t\t<div class=\"elementor-column elementor-col-25 elementor-top-column elementor-element elementor-element-5260f96\" data-id=\"5260f96\" data-element_type=\"column\" data-e-type=\"column\">\n\t\t\t<div class=\"elementor-widget-wrap elementor-element-populated\">\n\t\t\t\t\t\t<div class=\"elementor-element elementor-element-9e86a46 elementor-widget elementor-widget-heading\" data-id=\"9e86a46\" data-element_type=\"widget\" data-e-type=\"widget\" data-widget_type=\"heading.default\">\n\t\t\t\t<div class=\"elementor-widget-container\">\n\t\t\t\t\t<h2 class=\"elementor-heading-title elementor-size-default\">CARTE <br>CADEAU<\/h2>\t\t\t\t<\/div>\n\t\t\t\t<\/div>\n\t\t\t\t<div class=\"elementor-element elementor-element-41628f6 elementor-view-framed elementor-shape-circle elementor-widget elementor-widget-icon\" data-id=\"41628f6\" data-element_type=\"widget\" data-e-type=\"widget\" data-widget_type=\"icon.default\">\n\t\t\t\t<div class=\"elementor-widget-container\">\n\t\t\t\t\t\t\t<div class=\"elementor-icon-wrapper\">\n\t\t\t<div class=\"elementor-icon\">\n\t\t\t<i aria-hidden=\"true\" class=\"fas fa-gift\"><\/i>\t\t\t<\/div>\n\t\t<\/div>\n\t\t\t\t\t\t<\/div>\n\t\t\t\t<\/div>\n\t\t\t\t\t<\/div>\n\t\t<\/div>\n\t\t\t\t\t<\/div>\n\t\t<\/section>\n\t\t\t\t<\/div>\n\t\t","protected":false},"excerpt":{"rendered":"<p>Il n\u2019est pas toujours facile de choisir un cadeau pour quelqu\u2019un.\u00a0Si vous avez un doute sur le choix du bon produit, la\u00a0carte cadeau\u00a0fera toujours plaisir \u00e0 celui ou celle qui la re\u00e7oit. La carte cadeau est id\u00e9ale pour faire plaisir \u00e0 vos proches, parents, amis et coll\u00e8gues mais aussi pour remercier la ma\u00eetresse, l&rsquo;assistante maternelle [&hellip;]<\/p>\n","protected":false},"author":1,"featured_media":0,"parent":0,"menu_order":0,"comment_status":"closed","ping_status":"closed","template":"","meta":{"_monsterinsights_skip_tracking":false,"_monsterinsights_sitenote_active":false,"_monsterinsights_sitenote_note":"","_monsterinsights_sitenote_category":0,"_glsr_average":0,"_glsr_ranking":0,"_glsr_reviews":0,"footnotes":""},"class_list":["post-1011","page","type-page","status-publish","hentry","entry","owp-thumbs-layout-horizontal","owp-btn-normal","owp-tabs-layout-horizontal","has-no-thumbnails","has-product-nav"],"yoast_head":"<!-- This site is optimized with the Yoast SEO plugin v26.8 - https:\/\/yoast.com\/product\/yoast-seo-wordpress\/ -->\n<title>Carte cadeau Les Minimalys<\/title>\n<meta name=\"robots\" content=\"index, follow, max-snippet:-1, max-image-preview:large, max-video-preview:-1\" \/>\n<link rel=\"canonical\" href=\"https:\/\/lesminimalys.fr\/?page_id=1011\" \/>\n<meta property=\"og:locale\" content=\"fr_FR\" \/>\n<meta property=\"og:type\" content=\"article\" \/>\n<meta property=\"og:title\" content=\"Carte cadeau Les Minimalys\" \/>\n<meta property=\"og:description\" content=\"Il n\u2019est pas toujours facile de choisir un cadeau pour quelqu\u2019un.\u00a0Si vous avez un doute sur le choix du bon produit, la\u00a0carte cadeau\u00a0fera toujours plaisir \u00e0 celui ou celle qui la re\u00e7oit. La carte cadeau est id\u00e9ale pour faire plaisir \u00e0 vos proches, parents, amis et coll\u00e8gues mais aussi pour remercier la ma\u00eetresse, l&rsquo;assistante maternelle [&hellip;]\" \/>\n<meta property=\"og:url\" content=\"https:\/\/lesminimalys.fr\/?page_id=1011\" \/>\n<meta property=\"og:site_name\" content=\"Les Minimalys\" \/>\n<meta property=\"article:publisher\" content=\"https:\/\/www.facebook.com\/lesminimalys\" \/>\n<meta property=\"article:modified_time\" content=\"2021-04-18T08:22:13+00:00\" \/>\n<meta property=\"og:image\" content=\"https:\/\/lesminimalys.fr\/wp-content\/uploads\/2021\/03\/Green-Yellow-and-Pink-Sophisticated-Business-Spa-Christmas-Gift-Certificate.png\" \/>\n<meta name=\"twitter:card\" content=\"summary_large_image\" \/>\n<meta name=\"twitter:label1\" content=\"Dur\u00e9e de lecture estim\u00e9e\" \/>\n\t<meta name=\"twitter:data1\" content=\"1 minute\" \/>\n<script type=\"application\/ld+json\" class=\"yoast-schema-graph\">{\"@context\":\"https:\/\/schema.org\",\"@graph\":[{\"@type\":\"WebPage\",\"@id\":\"https:\/\/lesminimalys.fr\/?page_id=1011\",\"url\":\"https:\/\/lesminimalys.fr\/?page_id=1011\",\"name\":\"Carte cadeau Les Minimalys\",\"isPartOf\":{\"@id\":\"https:\/\/lesminimalys.fr\/#website\"},\"primaryImageOfPage\":{\"@id\":\"https:\/\/lesminimalys.fr\/?page_id=1011#primaryimage\"},\"image\":{\"@id\":\"https:\/\/lesminimalys.fr\/?page_id=1011#primaryimage\"},\"thumbnailUrl\":\"https:\/\/lesminimalys.fr\/wp-content\/uploads\/2021\/03\/Green-Yellow-and-Pink-Sophisticated-Business-Spa-Christmas-Gift-Certificate.png\",\"datePublished\":\"2021-03-07T16:13:50+00:00\",\"dateModified\":\"2021-04-18T08:22:13+00:00\",\"breadcrumb\":{\"@id\":\"https:\/\/lesminimalys.fr\/?page_id=1011#breadcrumb\"},\"inLanguage\":\"fr-FR\",\"potentialAction\":[{\"@type\":\"ReadAction\",\"target\":[\"https:\/\/lesminimalys.fr\/?page_id=1011\"]}]},{\"@type\":\"ImageObject\",\"inLanguage\":\"fr-FR\",\"@id\":\"https:\/\/lesminimalys.fr\/?page_id=1011#primaryimage\",\"url\":\"https:\/\/lesminimalys.fr\/wp-content\/uploads\/2021\/03\/Green-Yellow-and-Pink-Sophisticated-Business-Spa-Christmas-Gift-Certificate.png\",\"contentUrl\":\"https:\/\/lesminimalys.fr\/wp-content\/uploads\/2021\/03\/Green-Yellow-and-Pink-Sophisticated-Business-Spa-Christmas-Gift-Certificate.png\",\"width\":1747,\"height\":1240},{\"@type\":\"BreadcrumbList\",\"@id\":\"https:\/\/lesminimalys.fr\/?page_id=1011#breadcrumb\",\"itemListElement\":[{\"@type\":\"ListItem\",\"position\":1,\"name\":\"Accueil\",\"item\":\"https:\/\/lesminimalys.fr\/\"},{\"@type\":\"ListItem\",\"position\":2,\"name\":\"Carte cadeau\"}]},{\"@type\":\"WebSite\",\"@id\":\"https:\/\/lesminimalys.fr\/#website\",\"url\":\"https:\/\/lesminimalys.fr\/\",\"name\":\"Les Minimalys\",\"description\":\"Savonnerie Artisanale\",\"publisher\":{\"@id\":\"https:\/\/lesminimalys.fr\/#organization\"},\"potentialAction\":[{\"@type\":\"SearchAction\",\"target\":{\"@type\":\"EntryPoint\",\"urlTemplate\":\"https:\/\/lesminimalys.fr\/?s={search_term_string}\"},\"query-input\":{\"@type\":\"PropertyValueSpecification\",\"valueRequired\":true,\"valueName\":\"search_term_string\"}}],\"inLanguage\":\"fr-FR\"},{\"@type\":\"Organization\",\"@id\":\"https:\/\/lesminimalys.fr\/#organization\",\"name\":\"Les Minimalys\",\"url\":\"https:\/\/lesminimalys.fr\/\",\"logo\":{\"@type\":\"ImageObject\",\"inLanguage\":\"fr-FR\",\"@id\":\"https:\/\/lesminimalys.fr\/#\/schema\/logo\/image\/\",\"url\":\"https:\/\/lesminimalys.fr\/wp-content\/uploads\/2021\/02\/cropped-cropped-cropped-cropped-logo-savonnerie-1.png\",\"contentUrl\":\"https:\/\/lesminimalys.fr\/wp-content\/uploads\/2021\/02\/cropped-cropped-cropped-cropped-logo-savonnerie-1.png\",\"width\":500,\"height\":148,\"caption\":\"Les Minimalys\"},\"image\":{\"@id\":\"https:\/\/lesminimalys.fr\/#\/schema\/logo\/image\/\"},\"sameAs\":[\"https:\/\/www.facebook.com\/lesminimalys\",\"https:\/\/www.instagram.com\/lesminimalys\/\"]}]}<\/script>\n<!-- \/ Yoast SEO plugin. -->","yoast_head_json":{"title":"Carte cadeau Les Minimalys","robots":{"index":"index","follow":"follow","max-snippet":"max-snippet:-1","max-image-preview":"max-image-preview:large","max-video-preview":"max-video-preview:-1"},"canonical":"https:\/\/lesminimalys.fr\/?page_id=1011","og_locale":"fr_FR","og_type":"article","og_title":"Carte cadeau Les Minimalys","og_description":"Il n\u2019est pas toujours facile de choisir un cadeau pour quelqu\u2019un.\u00a0Si vous avez un doute sur le choix du bon produit, la\u00a0carte cadeau\u00a0fera toujours plaisir \u00e0 celui ou celle qui la re\u00e7oit. La carte cadeau est id\u00e9ale pour faire plaisir \u00e0 vos proches, parents, amis et coll\u00e8gues mais aussi pour remercier la ma\u00eetresse, l&rsquo;assistante maternelle [&hellip;]","og_url":"https:\/\/lesminimalys.fr\/?page_id=1011","og_site_name":"Les Minimalys","article_publisher":"https:\/\/www.facebook.com\/lesminimalys","article_modified_time":"2021-04-18T08:22:13+00:00","og_image":[{"url":"https:\/\/lesminimalys.fr\/wp-content\/uploads\/2021\/03\/Green-Yellow-and-Pink-Sophisticated-Business-Spa-Christmas-Gift-Certificate.png","type":"","width":"","height":""}],"twitter_card":"summary_large_image","twitter_misc":{"Dur\u00e9e de lecture estim\u00e9e":"1 minute"},"schema":{"@context":"https:\/\/schema.org","@graph":[{"@type":"WebPage","@id":"https:\/\/lesminimalys.fr\/?page_id=1011","url":"https:\/\/lesminimalys.fr\/?page_id=1011","name":"Carte cadeau Les Minimalys","isPartOf":{"@id":"https:\/\/lesminimalys.fr\/#website"},"primaryImageOfPage":{"@id":"https:\/\/lesminimalys.fr\/?page_id=1011#primaryimage"},"image":{"@id":"https:\/\/lesminimalys.fr\/?page_id=1011#primaryimage"},"thumbnailUrl":"https:\/\/lesminimalys.fr\/wp-content\/uploads\/2021\/03\/Green-Yellow-and-Pink-Sophisticated-Business-Spa-Christmas-Gift-Certificate.png","datePublished":"2021-03-07T16:13:50+00:00","dateModified":"2021-04-18T08:22:13+00:00","breadcrumb":{"@id":"https:\/\/lesminimalys.fr\/?page_id=1011#breadcrumb"},"inLanguage":"fr-FR","potentialAction":[{"@type":"ReadAction","target":["https:\/\/lesminimalys.fr\/?page_id=1011"]}]},{"@type":"ImageObject","inLanguage":"fr-FR","@id":"https:\/\/lesminimalys.fr\/?page_id=1011#primaryimage","url":"https:\/\/lesminimalys.fr\/wp-content\/uploads\/2021\/03\/Green-Yellow-and-Pink-Sophisticated-Business-Spa-Christmas-Gift-Certificate.png","contentUrl":"https:\/\/lesminimalys.fr\/wp-content\/uploads\/2021\/03\/Green-Yellow-and-Pink-Sophisticated-Business-Spa-Christmas-Gift-Certificate.png","width":1747,"height":1240},{"@type":"BreadcrumbList","@id":"https:\/\/lesminimalys.fr\/?page_id=1011#breadcrumb","itemListElement":[{"@type":"ListItem","position":1,"name":"Accueil","item":"https:\/\/lesminimalys.fr\/"},{"@type":"ListItem","position":2,"name":"Carte cadeau"}]},{"@type":"WebSite","@id":"https:\/\/lesminimalys.fr\/#website","url":"https:\/\/lesminimalys.fr\/","name":"Les Minimalys","description":"Savonnerie Artisanale","publisher":{"@id":"https:\/\/lesminimalys.fr\/#organization"},"potentialAction":[{"@type":"SearchAction","target":{"@type":"EntryPoint","urlTemplate":"https:\/\/lesminimalys.fr\/?s={search_term_string}"},"query-input":{"@type":"PropertyValueSpecification","valueRequired":true,"valueName":"search_term_string"}}],"inLanguage":"fr-FR"},{"@type":"Organization","@id":"https:\/\/lesminimalys.fr\/#organization","name":"Les Minimalys","url":"https:\/\/lesminimalys.fr\/","logo":{"@type":"ImageObject","inLanguage":"fr-FR","@id":"https:\/\/lesminimalys.fr\/#\/schema\/logo\/image\/","url":"https:\/\/lesminimalys.fr\/wp-content\/uploads\/2021\/02\/cropped-cropped-cropped-cropped-logo-savonnerie-1.png","contentUrl":"https:\/\/lesminimalys.fr\/wp-content\/uploads\/2021\/02\/cropped-cropped-cropped-cropped-logo-savonnerie-1.png","width":500,"height":148,"caption":"Les Minimalys"},"image":{"@id":"https:\/\/lesminimalys.fr\/#\/schema\/logo\/image\/"},"sameAs":["https:\/\/www.facebook.com\/lesminimalys","https:\/\/www.instagram.com\/lesminimalys\/"]}]}},"jetpack_sharing_enabled":true,"_links":{"self":[{"href":"https:\/\/lesminimalys.fr\/index.php?rest_route=\/wp\/v2\/pages\/1011","targetHints":{"allow":["GET"]}}],"collection":[{"href":"https:\/\/lesminimalys.fr\/index.php?rest_route=\/wp\/v2\/pages"}],"about":[{"href":"https:\/\/lesminimalys.fr\/index.php?rest_route=\/wp\/v2\/types\/page"}],"author":[{"embeddable":true,"href":"https:\/\/lesminimalys.fr\/index.php?rest_route=\/wp\/v2\/users\/1"}],"replies":[{"embeddable":true,"href":"https:\/\/lesminimalys.fr\/index.php?rest_route=%2Fwp%2Fv2%2Fcomments&post=1011"}],"version-history":[{"count":37,"href":"https:\/\/lesminimalys.fr\/index.php?rest_route=\/wp\/v2\/pages\/1011\/revisions"}],"predecessor-version":[{"id":2176,"href":"https:\/\/lesminimalys.fr\/index.php?rest_route=\/wp\/v2\/pages\/1011\/revisions\/2176"}],"wp:attachment":[{"href":"https:\/\/lesminimalys.fr\/index.php?rest_route=%2Fwp%2Fv2%2Fmedia&parent=1011"}],"curies":[{"name":"wp","href":"https:\/\/api.w.org\/{rel}","templated":true}]}}